{"id":99,"date":"2023-06-05T19:30:57","date_gmt":"2023-06-05T19:30:57","guid":{"rendered":"http:\/\/ydstrong.es\/?post_type=product&#038;p=99"},"modified":"2026-03-25T13:13:51","modified_gmt":"2026-03-25T13:13:51","slug":"traje-de-entrenamiento-ems-para-uso-personal-modelo-yd-209c-copy","status":"publish","type":"product","link":"https:\/\/ydstrong.es\/en\/product\/traje-de-entrenamiento-ems-para-uso-personal-modelo-yd-209c-copy\/","title":{"rendered":"Suit professional training EMS \u2013 Model YD-309 + machine EMS YDSTRONG"},"content":{"rendered":"<p><img fetchpriority=\"high\" decoding=\"async\" class=\"aligncenter wp-image-423\" src=\"http:\/\/ydstrong.es\/wp-content\/uploads\/2023\/06\/Mejor-proceso-de-produccion-con-11-anos-de-experiencia-en-fabricacion.png\" alt=\"\" width=\"547\" height=\"589\" srcset=\"https:\/\/ydstrong.es\/wp-content\/uploads\/2023\/06\/Mejor-proceso-de-produccion-con-11-anos-de-experiencia-en-fabricacion.png 1800w, https:\/\/ydstrong.es\/wp-content\/uploads\/2023\/06\/Mejor-proceso-de-produccion-con-11-anos-de-experiencia-en-fabricacion-600x647.png 600w, https:\/\/ydstrong.es\/wp-content\/uploads\/2023\/06\/Mejor-proceso-de-produccion-con-11-anos-de-experiencia-en-fabricacion-278x300.png 278w, https:\/\/ydstrong.es\/wp-content\/uploads\/2023\/06\/Mejor-proceso-de-produccion-con-11-anos-de-experiencia-en-fabricacion-950x1024.png 950w, https:\/\/ydstrong.es\/wp-content\/uploads\/2023\/06\/Mejor-proceso-de-produccion-con-11-anos-de-experiencia-en-fabricacion-768x828.png 768w, https:\/\/ydstrong.es\/wp-content\/uploads\/2023\/06\/Mejor-proceso-de-produccion-con-11-anos-de-experiencia-en-fabricacion-1425x1536.png 1425w\" sizes=\"(max-width: 547px) 100vw, 547px\" \/><\/p>\n<p><img decoding=\"async\" class=\"wp-image-422 aligncenter\" src=\"http:\/\/ydstrong.es\/wp-content\/uploads\/2023\/06\/Mejor-proceso-de-produccion-con-11-anos-de-experiencia-en-fabricacion-1-737x1024.webp\" alt=\"\" width=\"495\" height=\"688\" srcset=\"https:\/\/ydstrong.es\/wp-content\/uploads\/2023\/06\/Mejor-proceso-de-produccion-con-11-anos-de-experiencia-en-fabricacion-1-737x1024.webp 737w, https:\/\/ydstrong.es\/wp-content\/uploads\/2023\/06\/Mejor-proceso-de-produccion-con-11-anos-de-experiencia-en-fabricacion-1-600x833.webp 600w, https:\/\/ydstrong.es\/wp-content\/uploads\/2023\/06\/Mejor-proceso-de-produccion-con-11-anos-de-experiencia-en-fabricacion-1-216x300.webp 216w, https:\/\/ydstrong.es\/wp-content\/uploads\/2023\/06\/Mejor-proceso-de-produccion-con-11-anos-de-experiencia-en-fabricacion-1-768x1067.webp 768w, https:\/\/ydstrong.es\/wp-content\/uploads\/2023\/06\/Mejor-proceso-de-produccion-con-11-anos-de-experiencia-en-fabricacion-1-1106x1536.webp 1106w, https:\/\/ydstrong.es\/wp-content\/uploads\/2023\/06\/Mejor-proceso-de-produccion-con-11-anos-de-experiencia-en-fabricacion-1-1475x2048.webp 1475w, https:\/\/ydstrong.es\/wp-content\/uploads\/2023\/06\/Mejor-proceso-de-produccion-con-11-anos-de-experiencia-en-fabricacion-1.webp 1800w\" sizes=\"(max-width: 495px) 100vw, 495px\" \/><\/p>","protected":false},"excerpt":{"rendered":"<p>Suitable for studies of EMS, gyms, yoga studios, etc 20 pads dry Easy-to-use Functions:<\/p>\n<ul>\n<li>Fat loss<\/li>\n<li>Molded body<\/li>\n<li>Muscle building<\/li>\n<li>Physiotherapy<\/li>\n<li>Includes a suit + a machine EMS + a belt for the waist.<\/li>\n<\/ul>\n<div id=\"simple-translate\" class=\"simple-translate-system-theme\">\n<div>\n<div class=\"simple-translate-button isShow\" style=\"background-image: url('moz-extension:\/\/ed67899f-1e64-47ce-b84e-35111ecf5949\/icons\/512.png'); height: 22px; width: 22px; top: 177px; left: 240px;\"><\/div>\n<div class=\"simple-translate-panel\" style=\"width: 300px; height: 200px; top: 0px; left: 0px; font-size: 13px;\">\n<div class=\"simple-translate-result-wrapper\" style=\"overflow: hidden;\">\n<div class=\"simple-translate-move\" draggable=\"true\"><\/div>\n<div class=\"simple-translate-result-contents\">\n<p class=\"simple-translate-candidate\" dir=\"auto\">\n<\/div>\n<\/div>\n<\/div>\n<\/div>\n<\/div>","protected":false},"featured_media":505,"comment_status":"open","ping_status":"closed","template":"","meta":{"site-sidebar-layout":"default","site-content-layout":"default","ast-global-header-display":"","ast-banner-title-visibility":"","ast-main-header-display":"","ast-hfb-above-header-display":"","ast-hfb-below-header-display":"","ast-hfb-mobile-header-display":"","site-post-title":"","ast-breadcrumbs-content":"","ast-featured-img":"","footer-sml-layout":"","theme-transparent-header-meta":"default","adv-header-id-meta":"","stick-header-meta":"","header-above-stick-meta":"","header-main-stick-meta":"","header-below-stick-meta":""},"product_cat":[25],"product_tag":[],"class_list":{"0":"post-99","1":"product","2":"type-product","3":"status-publish","4":"has-post-thumbnail","6":"product_cat-traje-electroestimulacion","7":"desktop-align-left","8":"tablet-align-left","9":"mobile-align-left","11":"first","12":"instock","13":"shipping-taxable","14":"purchasable","15":"product-type-variable"},"yoast_head":"<!-- This site is optimized with the Yoast SEO plugin v22.6 - https:\/\/yoast.com\/wordpress\/plugins\/seo\/ -->\n<title>Traje profesional de entrenamiento EMS - Modelo YD-309 + m\u00e1quina EMS YDSTRONG - YDSTRONG<\/title>\n<meta name=\"robots\" content=\"index, follow, max-snippet:-1, max-image-preview:large, max-video-preview:-1\" \/>\n<link rel=\"canonical\" href=\"https:\/\/ydstrong.es\/en\/product\/traje-de-entrenamiento-ems-para-uso-personal-modelo-yd-209c-copy\/\" \/>\n<meta property=\"og:locale\" content=\"en_US\" \/>\n<meta property=\"og:type\" content=\"article\" \/>\n<meta property=\"og:title\" content=\"Traje profesional de entrenamiento EMS - Modelo YD-309 + m\u00e1quina EMS YDSTRONG - YDSTRONG\" \/>\n<meta property=\"og:description\" content=\"Adecuado para estudios de EMS, gimnasios, estudios de yoga, etc. 20 almohadillas secas F\u00e1cil de usar Funciones:   P\u00e9rdida de grasa  Moldeado corporal  Construcci\u00f3n muscular  Fisioterapia  Incluye un traje + una m\u00e1quina EMS + una banda para la cintura.\" \/>\n<meta property=\"og:url\" content=\"https:\/\/ydstrong.es\/en\/product\/traje-de-entrenamiento-ems-para-uso-personal-modelo-yd-209c-copy\/\" \/>\n<meta property=\"og:site_name\" content=\"YDSTRONG\" \/>\n<meta property=\"article:modified_time\" content=\"2026-03-25T13:13:51+00:00\" \/>\n<meta property=\"og:image\" content=\"https:\/\/ydstrong.es\/wp-content\/uploads\/2023\/06\/Screenshot_1-1.png\" \/>\n\t<meta property=\"og:image:width\" content=\"313\" \/>\n\t<meta property=\"og:image:height\" content=\"508\" \/>\n\t<meta property=\"og:image:type\" content=\"image\/png\" \/>\n<meta name=\"twitter:card\" content=\"summary_large_image\" \/>\n<meta name=\"twitter:label1\" content=\"Est. reading time\" \/>\n\t<meta name=\"twitter:data1\" content=\"1 minute\" \/>\n<script type=\"application\/ld+json\" class=\"yoast-schema-graph\">{\"@context\":\"https:\/\/schema.org\",\"@graph\":[{\"@type\":\"WebPage\",\"@id\":\"https:\/\/ydstrong.es\/producto\/traje-de-entrenamiento-ems-para-uso-personal-modelo-yd-209c-copy\/\",\"url\":\"https:\/\/ydstrong.es\/producto\/traje-de-entrenamiento-ems-para-uso-personal-modelo-yd-209c-copy\/\",\"name\":\"Traje profesional de entrenamiento EMS - Modelo YD-309 + m\u00e1quina EMS YDSTRONG - YDSTRONG\",\"isPartOf\":{\"@id\":\"https:\/\/ydstrong.es\/#website\"},\"primaryImageOfPage\":{\"@id\":\"https:\/\/ydstrong.es\/producto\/traje-de-entrenamiento-ems-para-uso-personal-modelo-yd-209c-copy\/#primaryimage\"},\"image\":{\"@id\":\"https:\/\/ydstrong.es\/producto\/traje-de-entrenamiento-ems-para-uso-personal-modelo-yd-209c-copy\/#primaryimage\"},\"thumbnailUrl\":\"https:\/\/ydstrong.es\/wp-content\/uploads\/2023\/06\/Screenshot_1-1.png\",\"datePublished\":\"2023-06-05T19:30:57+00:00\",\"dateModified\":\"2026-03-25T13:13:51+00:00\",\"breadcrumb\":{\"@id\":\"https:\/\/ydstrong.es\/producto\/traje-de-entrenamiento-ems-para-uso-personal-modelo-yd-209c-copy\/#breadcrumb\"},\"inLanguage\":\"en-US\",\"potentialAction\":[{\"@type\":\"ReadAction\",\"target\":[\"https:\/\/ydstrong.es\/producto\/traje-de-entrenamiento-ems-para-uso-personal-modelo-yd-209c-copy\/\"]}]},{\"@type\":\"ImageObject\",\"inLanguage\":\"en-US\",\"@id\":\"https:\/\/ydstrong.es\/producto\/traje-de-entrenamiento-ems-para-uso-personal-modelo-yd-209c-copy\/#primaryimage\",\"url\":\"https:\/\/ydstrong.es\/wp-content\/uploads\/2023\/06\/Screenshot_1-1.png\",\"contentUrl\":\"https:\/\/ydstrong.es\/wp-content\/uploads\/2023\/06\/Screenshot_1-1.png\",\"width\":313,\"height\":508},{\"@type\":\"BreadcrumbList\",\"@id\":\"https:\/\/ydstrong.es\/producto\/traje-de-entrenamiento-ems-para-uso-personal-modelo-yd-209c-copy\/#breadcrumb\",\"itemListElement\":[{\"@type\":\"ListItem\",\"position\":1,\"name\":\"Portada\",\"item\":\"https:\/\/ydstrong.es\/\"},{\"@type\":\"ListItem\",\"position\":2,\"name\":\"Tienda\",\"item\":\"https:\/\/ydstrong.es\/tienda\/\"},{\"@type\":\"ListItem\",\"position\":3,\"name\":\"Traje profesional de entrenamiento EMS &#8211; Modelo YD-309 + m\u00e1quina EMS YDSTRONG\"}]},{\"@type\":\"WebSite\",\"@id\":\"https:\/\/ydstrong.es\/#website\",\"url\":\"https:\/\/ydstrong.es\/\",\"name\":\"YDSTRONG\",\"description\":\"Traje de Electroestimulaci\u00f3n - Tecnolog\u00eda \u00danica en Espa\u00f1a\",\"publisher\":{\"@id\":\"https:\/\/ydstrong.es\/#organization\"},\"potentialAction\":[{\"@type\":\"SearchAction\",\"target\":{\"@type\":\"EntryPoint\",\"urlTemplate\":\"https:\/\/ydstrong.es\/?s={search_term_string}\"},\"query-input\":\"required name=search_term_string\"}],\"inLanguage\":\"en-US\"},{\"@type\":\"Organization\",\"@id\":\"https:\/\/ydstrong.es\/#organization\",\"name\":\"YDSTRONG\",\"url\":\"https:\/\/ydstrong.es\/\",\"logo\":{\"@type\":\"ImageObject\",\"inLanguage\":\"en-US\",\"@id\":\"https:\/\/ydstrong.es\/#\/schema\/logo\/image\/\",\"url\":\"http:\/\/ydstrong.es\/wp-content\/uploads\/2023\/06\/YDSTRONG-LOGO_-R_-scaled.jpg\",\"contentUrl\":\"http:\/\/ydstrong.es\/wp-content\/uploads\/2023\/06\/YDSTRONG-LOGO_-R_-scaled.jpg\",\"width\":2560,\"height\":592,\"caption\":\"YDSTRONG\"},\"image\":{\"@id\":\"https:\/\/ydstrong.es\/#\/schema\/logo\/image\/\"}}]}<\/script>\n<!-- \/ Yoast SEO plugin. -->","yoast_head_json":{"title":"Traje profesional de entrenamiento EMS - Modelo YD-309 + m\u00e1quina EMS YDSTRONG - YDSTRONG","robots":{"index":"index","follow":"follow","max-snippet":"max-snippet:-1","max-image-preview":"max-image-preview:large","max-video-preview":"max-video-preview:-1"},"canonical":"https:\/\/ydstrong.es\/en\/product\/traje-de-entrenamiento-ems-para-uso-personal-modelo-yd-209c-copy\/","og_locale":"en_US","og_type":"article","og_title":"Traje profesional de entrenamiento EMS - Modelo YD-309 + m\u00e1quina EMS YDSTRONG - YDSTRONG","og_description":"Adecuado para estudios de EMS, gimnasios, estudios de yoga, etc. 20 almohadillas secas F\u00e1cil de usar Funciones:   P\u00e9rdida de grasa  Moldeado corporal  Construcci\u00f3n muscular  Fisioterapia  Incluye un traje + una m\u00e1quina EMS + una banda para la cintura.","og_url":"https:\/\/ydstrong.es\/en\/product\/traje-de-entrenamiento-ems-para-uso-personal-modelo-yd-209c-copy\/","og_site_name":"YDSTRONG","article_modified_time":"2026-03-25T13:13:51+00:00","og_image":[{"width":313,"height":508,"url":"https:\/\/ydstrong.es\/wp-content\/uploads\/2023\/06\/Screenshot_1-1.png","type":"image\/png"}],"twitter_card":"summary_large_image","twitter_misc":{"Est. reading time":"1 minute"},"schema":{"@context":"https:\/\/schema.org","@graph":[{"@type":"WebPage","@id":"https:\/\/ydstrong.es\/producto\/traje-de-entrenamiento-ems-para-uso-personal-modelo-yd-209c-copy\/","url":"https:\/\/ydstrong.es\/producto\/traje-de-entrenamiento-ems-para-uso-personal-modelo-yd-209c-copy\/","name":"Traje profesional de entrenamiento EMS - Modelo YD-309 + m\u00e1quina EMS YDSTRONG - YDSTRONG","isPartOf":{"@id":"https:\/\/ydstrong.es\/#website"},"primaryImageOfPage":{"@id":"https:\/\/ydstrong.es\/producto\/traje-de-entrenamiento-ems-para-uso-personal-modelo-yd-209c-copy\/#primaryimage"},"image":{"@id":"https:\/\/ydstrong.es\/producto\/traje-de-entrenamiento-ems-para-uso-personal-modelo-yd-209c-copy\/#primaryimage"},"thumbnailUrl":"https:\/\/ydstrong.es\/wp-content\/uploads\/2023\/06\/Screenshot_1-1.png","datePublished":"2023-06-05T19:30:57+00:00","dateModified":"2026-03-25T13:13:51+00:00","breadcrumb":{"@id":"https:\/\/ydstrong.es\/producto\/traje-de-entrenamiento-ems-para-uso-personal-modelo-yd-209c-copy\/#breadcrumb"},"inLanguage":"en-US","potentialAction":[{"@type":"ReadAction","target":["https:\/\/ydstrong.es\/producto\/traje-de-entrenamiento-ems-para-uso-personal-modelo-yd-209c-copy\/"]}]},{"@type":"ImageObject","inLanguage":"en-US","@id":"https:\/\/ydstrong.es\/producto\/traje-de-entrenamiento-ems-para-uso-personal-modelo-yd-209c-copy\/#primaryimage","url":"https:\/\/ydstrong.es\/wp-content\/uploads\/2023\/06\/Screenshot_1-1.png","contentUrl":"https:\/\/ydstrong.es\/wp-content\/uploads\/2023\/06\/Screenshot_1-1.png","width":313,"height":508},{"@type":"BreadcrumbList","@id":"https:\/\/ydstrong.es\/producto\/traje-de-entrenamiento-ems-para-uso-personal-modelo-yd-209c-copy\/#breadcrumb","itemListElement":[{"@type":"ListItem","position":1,"name":"Portada","item":"https:\/\/ydstrong.es\/"},{"@type":"ListItem","position":2,"name":"Tienda","item":"https:\/\/ydstrong.es\/tienda\/"},{"@type":"ListItem","position":3,"name":"Traje profesional de entrenamiento EMS &#8211; Modelo YD-309 + m\u00e1quina EMS YDSTRONG"}]},{"@type":"WebSite","@id":"https:\/\/ydstrong.es\/#website","url":"https:\/\/ydstrong.es\/","name":"YDSTRONG","description":"Traje de Electroestimulaci\u00f3n - Tecnolog\u00eda \u00danica en Espa\u00f1a","publisher":{"@id":"https:\/\/ydstrong.es\/#organization"},"potentialAction":[{"@type":"SearchAction","target":{"@type":"EntryPoint","urlTemplate":"https:\/\/ydstrong.es\/?s={search_term_string}"},"query-input":"required name=search_term_string"}],"inLanguage":"en-US"},{"@type":"Organization","@id":"https:\/\/ydstrong.es\/#organization","name":"YDSTRONG","url":"https:\/\/ydstrong.es\/","logo":{"@type":"ImageObject","inLanguage":"en-US","@id":"https:\/\/ydstrong.es\/#\/schema\/logo\/image\/","url":"http:\/\/ydstrong.es\/wp-content\/uploads\/2023\/06\/YDSTRONG-LOGO_-R_-scaled.jpg","contentUrl":"http:\/\/ydstrong.es\/wp-content\/uploads\/2023\/06\/YDSTRONG-LOGO_-R_-scaled.jpg","width":2560,"height":592,"caption":"YDSTRONG"},"image":{"@id":"https:\/\/ydstrong.es\/#\/schema\/logo\/image\/"}}]}},"_links":{"self":[{"href":"https:\/\/ydstrong.es\/en\/wp-json\/wp\/v2\/product\/99","targetHints":{"allow":["GET"]}}],"collection":[{"href":"https:\/\/ydstrong.es\/en\/wp-json\/wp\/v2\/product"}],"about":[{"href":"https:\/\/ydstrong.es\/en\/wp-json\/wp\/v2\/types\/product"}],"replies":[{"embeddable":true,"href":"https:\/\/ydstrong.es\/en\/wp-json\/wp\/v2\/comments?post=99"}],"wp:featuredmedia":[{"embeddable":true,"href":"https:\/\/ydstrong.es\/en\/wp-json\/wp\/v2\/media\/505"}],"wp:attachment":[{"href":"https:\/\/ydstrong.es\/en\/wp-json\/wp\/v2\/media?parent=99"}],"wp:term":[{"taxonomy":"product_cat","embeddable":true,"href":"https:\/\/ydstrong.es\/en\/wp-json\/wp\/v2\/product_cat?post=99"},{"taxonomy":"product_tag","embeddable":true,"href":"https:\/\/ydstrong.es\/en\/wp-json\/wp\/v2\/product_tag?post=99"}],"curies":[{"name":"wp","href":"https:\/\/api.w.org\/{rel}","templated":true}]}}