{"id":540,"date":"2023-07-03T18:22:18","date_gmt":"2023-07-03T18:22:18","guid":{"rendered":"https:\/\/ydstrong.es\/?post_type=product&#038;p=540"},"modified":"2026-04-19T12:17:21","modified_gmt":"2026-04-19T12:17:21","slug":"camiseta-ems-yd-508","status":"publish","type":"product","link":"https:\/\/ydstrong.es\/nl\/product\/camiseta-ems-yd-508\/","title":{"rendered":"T-shirt EMS \u2013 Model YD-508"},"content":{"rendered":"<p>&nbsp;<\/p>\n<p><img fetchpriority=\"high\" decoding=\"async\" class=\"wp-image-422 aligncenter\" src=\"http:\/\/ydstrong.es\/wp-content\/uploads\/2023\/06\/Mejor-proceso-de-produccion-con-11-anos-de-experiencia-en-fabricacion-1-737x1024.webp\" alt=\"\" width=\"495\" height=\"688\" srcset=\"https:\/\/ydstrong.es\/wp-content\/uploads\/2023\/06\/Mejor-proceso-de-produccion-con-11-anos-de-experiencia-en-fabricacion-1-737x1024.webp 737w, https:\/\/ydstrong.es\/wp-content\/uploads\/2023\/06\/Mejor-proceso-de-produccion-con-11-anos-de-experiencia-en-fabricacion-1-600x833.webp 600w, https:\/\/ydstrong.es\/wp-content\/uploads\/2023\/06\/Mejor-proceso-de-produccion-con-11-anos-de-experiencia-en-fabricacion-1-216x300.webp 216w, https:\/\/ydstrong.es\/wp-content\/uploads\/2023\/06\/Mejor-proceso-de-produccion-con-11-anos-de-experiencia-en-fabricacion-1-768x1067.webp 768w, https:\/\/ydstrong.es\/wp-content\/uploads\/2023\/06\/Mejor-proceso-de-produccion-con-11-anos-de-experiencia-en-fabricacion-1-1106x1536.webp 1106w, https:\/\/ydstrong.es\/wp-content\/uploads\/2023\/06\/Mejor-proceso-de-produccion-con-11-anos-de-experiencia-en-fabricacion-1-1475x2048.webp 1475w, https:\/\/ydstrong.es\/wp-content\/uploads\/2023\/06\/Mejor-proceso-de-produccion-con-11-anos-de-experiencia-en-fabricacion-1.webp 1800w\" sizes=\"(max-width: 495px) 100vw, 495px\" \/><\/p>","protected":false},"excerpt":{"rendered":"<p>Het t-shirt sport EMS is gebaseerd op EMS technologie (elektrische spierstimulatie).<br \/>\nZijn functie is om te toon van de borsten, en het vergroten van het te regelen, de schouders en de nek. Gemakkelijk te gebruiken. Kenmerken:<\/p>\n<ul>\n<li>Vet verlies<\/li>\n<li>Gegoten lichaam<\/li>\n<li>Bouw van de spier<\/li>\n<li>Fysiotherapie<\/li>\n<li>Bevat een pak + een machine EMS + een riem om de taille.<\/li>\n<\/ul>","protected":false},"featured_media":546,"comment_status":"open","ping_status":"closed","template":"","meta":{"site-sidebar-layout":"default","site-content-layout":"default","ast-global-header-display":"","ast-banner-title-visibility":"","ast-main-header-display":"","ast-hfb-above-header-display":"","ast-hfb-below-header-display":"","ast-hfb-mobile-header-display":"","site-post-title":"","ast-breadcrumbs-content":"","ast-featured-img":"","footer-sml-layout":"","theme-transparent-header-meta":"default","adv-header-id-meta":"","stick-header-meta":"","header-above-stick-meta":"","header-main-stick-meta":"","header-below-stick-meta":""},"product_cat":[29],"product_tag":[],"class_list":{"0":"post-540","1":"product","2":"type-product","3":"status-publish","4":"has-post-thumbnail","6":"product_cat-camiseta-ems","7":"desktop-align-left","8":"tablet-align-left","9":"mobile-align-left","11":"first","12":"instock","13":"shipping-taxable","14":"purchasable","15":"product-type-simple"},"yoast_head":"<!-- This site is optimized with the Yoast SEO plugin v22.6 - https:\/\/yoast.com\/wordpress\/plugins\/seo\/ -->\n<title>Camiseta EMS - Modelo YD-508 - YDSTRONG<\/title>\n<meta name=\"robots\" content=\"index, follow, max-snippet:-1, max-image-preview:large, max-video-preview:-1\" \/>\n<link rel=\"canonical\" href=\"https:\/\/ydstrong.es\/nl\/product\/camiseta-ems-yd-508\/\" \/>\n<meta property=\"og:locale\" content=\"nl_NL\" \/>\n<meta property=\"og:type\" content=\"article\" \/>\n<meta property=\"og:title\" content=\"Camiseta EMS - Modelo YD-508 - YDSTRONG\" \/>\n<meta property=\"og:description\" content=\"La camiseta deportiva EMS se basa en la tecnolog\u00eda EMS (estimulaci\u00f3n muscular el\u00e9ctrica). Su funci\u00f3n es tonificar los pechos, agrandarlos y regular los hombros y el cuello. F\u00e1cil de usar. Funciones:   P\u00e9rdida de grasa  Moldeado corporal  Construcci\u00f3n muscular  Fisioterapia  Incluye un traje + una m\u00e1quina EMS + una banda para la cintura.\" \/>\n<meta property=\"og:url\" content=\"https:\/\/ydstrong.es\/nl\/product\/camiseta-ems-yd-508\/\" \/>\n<meta property=\"og:site_name\" content=\"YDSTRONG\" \/>\n<meta property=\"article:modified_time\" content=\"2026-04-19T12:17:21+00:00\" \/>\n<meta property=\"og:image\" content=\"https:\/\/ydstrong.es\/wp-content\/uploads\/2023\/07\/1-1-1024x705.png\" \/>\n\t<meta property=\"og:image:width\" content=\"1024\" \/>\n\t<meta property=\"og:image:height\" content=\"705\" \/>\n\t<meta property=\"og:image:type\" content=\"image\/png\" \/>\n<meta name=\"twitter:card\" content=\"summary_large_image\" \/>\n<meta name=\"twitter:label1\" content=\"Geschatte leestijd\" \/>\n\t<meta name=\"twitter:data1\" content=\"1 minuut\" \/>\n<script type=\"application\/ld+json\" class=\"yoast-schema-graph\">{\"@context\":\"https:\/\/schema.org\",\"@graph\":[{\"@type\":\"WebPage\",\"@id\":\"https:\/\/ydstrong.es\/producto\/camiseta-ems-yd-508\/\",\"url\":\"https:\/\/ydstrong.es\/producto\/camiseta-ems-yd-508\/\",\"name\":\"Camiseta EMS - Modelo YD-508 - YDSTRONG\",\"isPartOf\":{\"@id\":\"https:\/\/ydstrong.es\/#website\"},\"primaryImageOfPage\":{\"@id\":\"https:\/\/ydstrong.es\/producto\/camiseta-ems-yd-508\/#primaryimage\"},\"image\":{\"@id\":\"https:\/\/ydstrong.es\/producto\/camiseta-ems-yd-508\/#primaryimage\"},\"thumbnailUrl\":\"https:\/\/ydstrong.es\/wp-content\/uploads\/2023\/07\/1-1.png\",\"datePublished\":\"2023-07-03T18:22:18+00:00\",\"dateModified\":\"2026-04-19T12:17:21+00:00\",\"breadcrumb\":{\"@id\":\"https:\/\/ydstrong.es\/producto\/camiseta-ems-yd-508\/#breadcrumb\"},\"inLanguage\":\"nl-NL\",\"potentialAction\":[{\"@type\":\"ReadAction\",\"target\":[\"https:\/\/ydstrong.es\/producto\/camiseta-ems-yd-508\/\"]}]},{\"@type\":\"ImageObject\",\"inLanguage\":\"nl-NL\",\"@id\":\"https:\/\/ydstrong.es\/producto\/camiseta-ems-yd-508\/#primaryimage\",\"url\":\"https:\/\/ydstrong.es\/wp-content\/uploads\/2023\/07\/1-1.png\",\"contentUrl\":\"https:\/\/ydstrong.es\/wp-content\/uploads\/2023\/07\/1-1.png\",\"width\":4500,\"height\":3100},{\"@type\":\"BreadcrumbList\",\"@id\":\"https:\/\/ydstrong.es\/producto\/camiseta-ems-yd-508\/#breadcrumb\",\"itemListElement\":[{\"@type\":\"ListItem\",\"position\":1,\"name\":\"Portada\",\"item\":\"https:\/\/ydstrong.es\/\"},{\"@type\":\"ListItem\",\"position\":2,\"name\":\"Tienda\",\"item\":\"https:\/\/ydstrong.es\/tienda\/\"},{\"@type\":\"ListItem\",\"position\":3,\"name\":\"Camiseta EMS &#8211; Modelo YD-508\"}]},{\"@type\":\"WebSite\",\"@id\":\"https:\/\/ydstrong.es\/#website\",\"url\":\"https:\/\/ydstrong.es\/\",\"name\":\"YDSTRONG\",\"description\":\"Traje de Electroestimulaci\u00f3n - Tecnolog\u00eda \u00danica en Espa\u00f1a\",\"publisher\":{\"@id\":\"https:\/\/ydstrong.es\/#organization\"},\"potentialAction\":[{\"@type\":\"SearchAction\",\"target\":{\"@type\":\"EntryPoint\",\"urlTemplate\":\"https:\/\/ydstrong.es\/?s={search_term_string}\"},\"query-input\":\"required name=search_term_string\"}],\"inLanguage\":\"nl-NL\"},{\"@type\":\"Organization\",\"@id\":\"https:\/\/ydstrong.es\/#organization\",\"name\":\"YDSTRONG\",\"url\":\"https:\/\/ydstrong.es\/\",\"logo\":{\"@type\":\"ImageObject\",\"inLanguage\":\"nl-NL\",\"@id\":\"https:\/\/ydstrong.es\/#\/schema\/logo\/image\/\",\"url\":\"http:\/\/ydstrong.es\/wp-content\/uploads\/2023\/06\/YDSTRONG-LOGO_-R_-scaled.jpg\",\"contentUrl\":\"http:\/\/ydstrong.es\/wp-content\/uploads\/2023\/06\/YDSTRONG-LOGO_-R_-scaled.jpg\",\"width\":2560,\"height\":592,\"caption\":\"YDSTRONG\"},\"image\":{\"@id\":\"https:\/\/ydstrong.es\/#\/schema\/logo\/image\/\"}}]}<\/script>\n<!-- \/ Yoast SEO plugin. -->","yoast_head_json":{"title":"Camiseta EMS - Modelo YD-508 - YDSTRONG","robots":{"index":"index","follow":"follow","max-snippet":"max-snippet:-1","max-image-preview":"max-image-preview:large","max-video-preview":"max-video-preview:-1"},"canonical":"https:\/\/ydstrong.es\/nl\/product\/camiseta-ems-yd-508\/","og_locale":"nl_NL","og_type":"article","og_title":"Camiseta EMS - Modelo YD-508 - YDSTRONG","og_description":"La camiseta deportiva EMS se basa en la tecnolog\u00eda EMS (estimulaci\u00f3n muscular el\u00e9ctrica). Su funci\u00f3n es tonificar los pechos, agrandarlos y regular los hombros y el cuello. F\u00e1cil de usar. Funciones:   P\u00e9rdida de grasa  Moldeado corporal  Construcci\u00f3n muscular  Fisioterapia  Incluye un traje + una m\u00e1quina EMS + una banda para la cintura.","og_url":"https:\/\/ydstrong.es\/nl\/product\/camiseta-ems-yd-508\/","og_site_name":"YDSTRONG","article_modified_time":"2026-04-19T12:17:21+00:00","og_image":[{"width":1024,"height":705,"url":"https:\/\/ydstrong.es\/wp-content\/uploads\/2023\/07\/1-1-1024x705.png","type":"image\/png"}],"twitter_card":"summary_large_image","twitter_misc":{"Geschatte leestijd":"1 minuut"},"schema":{"@context":"https:\/\/schema.org","@graph":[{"@type":"WebPage","@id":"https:\/\/ydstrong.es\/producto\/camiseta-ems-yd-508\/","url":"https:\/\/ydstrong.es\/producto\/camiseta-ems-yd-508\/","name":"Camiseta EMS - Modelo YD-508 - YDSTRONG","isPartOf":{"@id":"https:\/\/ydstrong.es\/#website"},"primaryImageOfPage":{"@id":"https:\/\/ydstrong.es\/producto\/camiseta-ems-yd-508\/#primaryimage"},"image":{"@id":"https:\/\/ydstrong.es\/producto\/camiseta-ems-yd-508\/#primaryimage"},"thumbnailUrl":"https:\/\/ydstrong.es\/wp-content\/uploads\/2023\/07\/1-1.png","datePublished":"2023-07-03T18:22:18+00:00","dateModified":"2026-04-19T12:17:21+00:00","breadcrumb":{"@id":"https:\/\/ydstrong.es\/producto\/camiseta-ems-yd-508\/#breadcrumb"},"inLanguage":"nl-NL","potentialAction":[{"@type":"ReadAction","target":["https:\/\/ydstrong.es\/producto\/camiseta-ems-yd-508\/"]}]},{"@type":"ImageObject","inLanguage":"nl-NL","@id":"https:\/\/ydstrong.es\/producto\/camiseta-ems-yd-508\/#primaryimage","url":"https:\/\/ydstrong.es\/wp-content\/uploads\/2023\/07\/1-1.png","contentUrl":"https:\/\/ydstrong.es\/wp-content\/uploads\/2023\/07\/1-1.png","width":4500,"height":3100},{"@type":"BreadcrumbList","@id":"https:\/\/ydstrong.es\/producto\/camiseta-ems-yd-508\/#breadcrumb","itemListElement":[{"@type":"ListItem","position":1,"name":"Portada","item":"https:\/\/ydstrong.es\/"},{"@type":"ListItem","position":2,"name":"Tienda","item":"https:\/\/ydstrong.es\/tienda\/"},{"@type":"ListItem","position":3,"name":"Camiseta EMS &#8211; Modelo YD-508"}]},{"@type":"WebSite","@id":"https:\/\/ydstrong.es\/#website","url":"https:\/\/ydstrong.es\/","name":"YDSTRONG","description":"Traje de Electroestimulaci\u00f3n - Tecnolog\u00eda \u00danica en Espa\u00f1a","publisher":{"@id":"https:\/\/ydstrong.es\/#organization"},"potentialAction":[{"@type":"SearchAction","target":{"@type":"EntryPoint","urlTemplate":"https:\/\/ydstrong.es\/?s={search_term_string}"},"query-input":"required name=search_term_string"}],"inLanguage":"nl-NL"},{"@type":"Organization","@id":"https:\/\/ydstrong.es\/#organization","name":"YDSTRONG","url":"https:\/\/ydstrong.es\/","logo":{"@type":"ImageObject","inLanguage":"nl-NL","@id":"https:\/\/ydstrong.es\/#\/schema\/logo\/image\/","url":"http:\/\/ydstrong.es\/wp-content\/uploads\/2023\/06\/YDSTRONG-LOGO_-R_-scaled.jpg","contentUrl":"http:\/\/ydstrong.es\/wp-content\/uploads\/2023\/06\/YDSTRONG-LOGO_-R_-scaled.jpg","width":2560,"height":592,"caption":"YDSTRONG"},"image":{"@id":"https:\/\/ydstrong.es\/#\/schema\/logo\/image\/"}}]}},"_links":{"self":[{"href":"https:\/\/ydstrong.es\/nl\/wp-json\/wp\/v2\/product\/540","targetHints":{"allow":["GET"]}}],"collection":[{"href":"https:\/\/ydstrong.es\/nl\/wp-json\/wp\/v2\/product"}],"about":[{"href":"https:\/\/ydstrong.es\/nl\/wp-json\/wp\/v2\/types\/product"}],"replies":[{"embeddable":true,"href":"https:\/\/ydstrong.es\/nl\/wp-json\/wp\/v2\/comments?post=540"}],"wp:featuredmedia":[{"embeddable":true,"href":"https:\/\/ydstrong.es\/nl\/wp-json\/wp\/v2\/media\/546"}],"wp:attachment":[{"href":"https:\/\/ydstrong.es\/nl\/wp-json\/wp\/v2\/media?parent=540"}],"wp:term":[{"taxonomy":"product_cat","embeddable":true,"href":"https:\/\/ydstrong.es\/nl\/wp-json\/wp\/v2\/product_cat?post=540"},{"taxonomy":"product_tag","embeddable":true,"href":"https:\/\/ydstrong.es\/nl\/wp-json\/wp\/v2\/product_tag?post=540"}],"curies":[{"name":"wp","href":"https:\/\/api.w.org\/{rel}","templated":true}]}}