{"id":92,"date":"2023-06-05T19:29:12","date_gmt":"2023-06-05T19:29:12","guid":{"rendered":"http:\/\/ydstrong.es\/?post_type=product&#038;p=92"},"modified":"2026-04-16T13:48:22","modified_gmt":"2026-04-16T13:48:22","slug":"traje-de-entrenamiento-ems-para-uso-personal-modelo-yd-209c","status":"publish","type":"product","link":"https:\/\/ydstrong.es\/nl\/product\/traje-de-entrenamiento-ems-para-uso-personal-modelo-yd-209c\/","title":{"rendered":"Outfit van de opleiding EMS voor persoonlijk gebruik \u2013 Model YD-209C + machine EMS YDSTRONG"},"content":{"rendered":"<p><img fetchpriority=\"high\" decoding=\"async\" class=\"aligncenter wp-image-423\" src=\"http:\/\/ydstrong.es\/wp-content\/uploads\/2023\/06\/Mejor-proceso-de-produccion-con-11-anos-de-experiencia-en-fabricacion.png\" alt=\"\" width=\"547\" height=\"589\" srcset=\"https:\/\/ydstrong.es\/wp-content\/uploads\/2023\/06\/Mejor-proceso-de-produccion-con-11-anos-de-experiencia-en-fabricacion.png 1800w, https:\/\/ydstrong.es\/wp-content\/uploads\/2023\/06\/Mejor-proceso-de-produccion-con-11-anos-de-experiencia-en-fabricacion-600x647.png 600w, https:\/\/ydstrong.es\/wp-content\/uploads\/2023\/06\/Mejor-proceso-de-produccion-con-11-anos-de-experiencia-en-fabricacion-278x300.png 278w, https:\/\/ydstrong.es\/wp-content\/uploads\/2023\/06\/Mejor-proceso-de-produccion-con-11-anos-de-experiencia-en-fabricacion-950x1024.png 950w, https:\/\/ydstrong.es\/wp-content\/uploads\/2023\/06\/Mejor-proceso-de-produccion-con-11-anos-de-experiencia-en-fabricacion-768x828.png 768w, https:\/\/ydstrong.es\/wp-content\/uploads\/2023\/06\/Mejor-proceso-de-produccion-con-11-anos-de-experiencia-en-fabricacion-1425x1536.png 1425w\" sizes=\"(max-width: 547px) 100vw, 547px\" \/><\/p>\n<p><img decoding=\"async\" class=\"wp-image-422 aligncenter\" src=\"http:\/\/ydstrong.es\/wp-content\/uploads\/2023\/06\/Mejor-proceso-de-produccion-con-11-anos-de-experiencia-en-fabricacion-1-737x1024.webp\" alt=\"\" width=\"495\" height=\"688\" srcset=\"https:\/\/ydstrong.es\/wp-content\/uploads\/2023\/06\/Mejor-proceso-de-produccion-con-11-anos-de-experiencia-en-fabricacion-1-737x1024.webp 737w, https:\/\/ydstrong.es\/wp-content\/uploads\/2023\/06\/Mejor-proceso-de-produccion-con-11-anos-de-experiencia-en-fabricacion-1-600x833.webp 600w, https:\/\/ydstrong.es\/wp-content\/uploads\/2023\/06\/Mejor-proceso-de-produccion-con-11-anos-de-experiencia-en-fabricacion-1-216x300.webp 216w, https:\/\/ydstrong.es\/wp-content\/uploads\/2023\/06\/Mejor-proceso-de-produccion-con-11-anos-de-experiencia-en-fabricacion-1-768x1067.webp 768w, https:\/\/ydstrong.es\/wp-content\/uploads\/2023\/06\/Mejor-proceso-de-produccion-con-11-anos-de-experiencia-en-fabricacion-1-1106x1536.webp 1106w, https:\/\/ydstrong.es\/wp-content\/uploads\/2023\/06\/Mejor-proceso-de-produccion-con-11-anos-de-experiencia-en-fabricacion-1-1475x2048.webp 1475w, https:\/\/ydstrong.es\/wp-content\/uploads\/2023\/06\/Mejor-proceso-de-produccion-con-11-anos-de-experiencia-en-fabricacion-1.webp 1800w\" sizes=\"(max-width: 495px) 100vw, 495px\" \/><\/p>","protected":false},"excerpt":{"rendered":"<p>Pak de training draadloos met power box YD-209C Met 20 pads droog die voornamelijk het lichaam en spiergroepen. Het is niet nodig om water spuiten. Het helpt je:<\/p>\n<ul>\n<li>Vet verlies<\/li>\n<li>Spuitgieten lichaam<\/li>\n<li>Bouw van de spier<\/li>\n<li>Fysiotherapie<\/li>\n<li>Bevat een pak + machine EMS + een riem om de taille.<\/li>\n<li>24pcs lichaam sensoren voor het verzamelen van gegevens uit het lichaam om het analyseren van hun lichaam data voor het aanpassen van het plan van persoonlijke fitness.<\/li>\n<\/ul>","protected":false},"featured_media":93,"comment_status":"open","ping_status":"closed","template":"","meta":{"site-sidebar-layout":"default","site-content-layout":"default","ast-global-header-display":"","ast-banner-title-visibility":"","ast-main-header-display":"","ast-hfb-above-header-display":"","ast-hfb-below-header-display":"","ast-hfb-mobile-header-display":"","site-post-title":"","ast-breadcrumbs-content":"","ast-featured-img":"","footer-sml-layout":"","theme-transparent-header-meta":"default","adv-header-id-meta":"","stick-header-meta":"","header-above-stick-meta":"","header-main-stick-meta":"","header-below-stick-meta":""},"product_cat":[25],"product_tag":[],"class_list":{"0":"post-92","1":"product","2":"type-product","3":"status-publish","4":"has-post-thumbnail","6":"product_cat-traje-electroestimulacion","7":"desktop-align-left","8":"tablet-align-left","9":"mobile-align-left","11":"first","12":"instock","13":"shipping-taxable","14":"purchasable","15":"product-type-variable"},"yoast_head":"<!-- This site is optimized with the Yoast SEO plugin v22.6 - https:\/\/yoast.com\/wordpress\/plugins\/seo\/ -->\n<title>Traje de entrenamiento EMS para uso personal - Modelo YD-209C + m\u00e1quina EMS YDSTRONG - YDSTRONG<\/title>\n<meta name=\"robots\" content=\"index, follow, max-snippet:-1, max-image-preview:large, max-video-preview:-1\" \/>\n<link rel=\"canonical\" href=\"https:\/\/ydstrong.es\/nl\/product\/traje-de-entrenamiento-ems-para-uso-personal-modelo-yd-209c\/\" \/>\n<meta property=\"og:locale\" content=\"nl_NL\" \/>\n<meta property=\"og:type\" content=\"article\" \/>\n<meta property=\"og:title\" content=\"Traje de entrenamiento EMS para uso personal - Modelo YD-209C + m\u00e1quina EMS YDSTRONG - YDSTRONG\" \/>\n<meta property=\"og:description\" content=\"Traje de entrenamiento inal\u00e1mbrico con caja de alimentaci\u00f3n YD-209C Con 20 almohadillas secas que cubren principalmente el cuerpo y los grupos musculares. No es necesario rociar agua. Te ayuda a:   P\u00e9rdida de grasa  Moldeo corporal  Construcci\u00f3n muscular  Fisioterapia  Incluye un traje +\u00a0 m\u00e1quina EMS + una banda para la cintura.  24pcs sensores corporales recogen datos del cuerpo analizar sus datos corporales para personalizar el plan de acondicionamiento f\u00edsico personal.\" \/>\n<meta property=\"og:url\" content=\"https:\/\/ydstrong.es\/nl\/product\/traje-de-entrenamiento-ems-para-uso-personal-modelo-yd-209c\/\" \/>\n<meta property=\"og:site_name\" content=\"YDSTRONG\" \/>\n<meta property=\"article:modified_time\" content=\"2026-04-16T13:48:22+00:00\" \/>\n<meta property=\"og:image\" content=\"https:\/\/ydstrong.es\/wp-content\/uploads\/2023\/06\/19.png\" \/>\n\t<meta property=\"og:image:width\" content=\"640\" \/>\n\t<meta property=\"og:image:height\" content=\"640\" \/>\n\t<meta property=\"og:image:type\" content=\"image\/png\" \/>\n<meta name=\"twitter:card\" content=\"summary_large_image\" \/>\n<meta name=\"twitter:label1\" content=\"Geschatte leestijd\" \/>\n\t<meta name=\"twitter:data1\" content=\"1 minuut\" \/>\n<script type=\"application\/ld+json\" class=\"yoast-schema-graph\">{\"@context\":\"https:\/\/schema.org\",\"@graph\":[{\"@type\":\"WebPage\",\"@id\":\"https:\/\/ydstrong.es\/producto\/traje-de-entrenamiento-ems-para-uso-personal-modelo-yd-209c\/\",\"url\":\"https:\/\/ydstrong.es\/producto\/traje-de-entrenamiento-ems-para-uso-personal-modelo-yd-209c\/\",\"name\":\"Traje de entrenamiento EMS para uso personal - Modelo YD-209C + m\u00e1quina EMS YDSTRONG - YDSTRONG\",\"isPartOf\":{\"@id\":\"https:\/\/ydstrong.es\/#website\"},\"primaryImageOfPage\":{\"@id\":\"https:\/\/ydstrong.es\/producto\/traje-de-entrenamiento-ems-para-uso-personal-modelo-yd-209c\/#primaryimage\"},\"image\":{\"@id\":\"https:\/\/ydstrong.es\/producto\/traje-de-entrenamiento-ems-para-uso-personal-modelo-yd-209c\/#primaryimage\"},\"thumbnailUrl\":\"https:\/\/ydstrong.es\/wp-content\/uploads\/2023\/06\/19.png\",\"datePublished\":\"2023-06-05T19:29:12+00:00\",\"dateModified\":\"2026-04-16T13:48:22+00:00\",\"breadcrumb\":{\"@id\":\"https:\/\/ydstrong.es\/producto\/traje-de-entrenamiento-ems-para-uso-personal-modelo-yd-209c\/#breadcrumb\"},\"inLanguage\":\"nl-NL\",\"potentialAction\":[{\"@type\":\"ReadAction\",\"target\":[\"https:\/\/ydstrong.es\/producto\/traje-de-entrenamiento-ems-para-uso-personal-modelo-yd-209c\/\"]}]},{\"@type\":\"ImageObject\",\"inLanguage\":\"nl-NL\",\"@id\":\"https:\/\/ydstrong.es\/producto\/traje-de-entrenamiento-ems-para-uso-personal-modelo-yd-209c\/#primaryimage\",\"url\":\"https:\/\/ydstrong.es\/wp-content\/uploads\/2023\/06\/19.png\",\"contentUrl\":\"https:\/\/ydstrong.es\/wp-content\/uploads\/2023\/06\/19.png\",\"width\":640,\"height\":640},{\"@type\":\"BreadcrumbList\",\"@id\":\"https:\/\/ydstrong.es\/producto\/traje-de-entrenamiento-ems-para-uso-personal-modelo-yd-209c\/#breadcrumb\",\"itemListElement\":[{\"@type\":\"ListItem\",\"position\":1,\"name\":\"Portada\",\"item\":\"https:\/\/ydstrong.es\/\"},{\"@type\":\"ListItem\",\"position\":2,\"name\":\"Tienda\",\"item\":\"https:\/\/ydstrong.es\/tienda\/\"},{\"@type\":\"ListItem\",\"position\":3,\"name\":\"Traje de entrenamiento EMS para uso personal &#8211; Modelo YD-209C + m\u00e1quina EMS YDSTRONG\"}]},{\"@type\":\"WebSite\",\"@id\":\"https:\/\/ydstrong.es\/#website\",\"url\":\"https:\/\/ydstrong.es\/\",\"name\":\"YDSTRONG\",\"description\":\"Traje de Electroestimulaci\u00f3n - Tecnolog\u00eda \u00danica en Espa\u00f1a\",\"publisher\":{\"@id\":\"https:\/\/ydstrong.es\/#organization\"},\"potentialAction\":[{\"@type\":\"SearchAction\",\"target\":{\"@type\":\"EntryPoint\",\"urlTemplate\":\"https:\/\/ydstrong.es\/?s={search_term_string}\"},\"query-input\":\"required name=search_term_string\"}],\"inLanguage\":\"nl-NL\"},{\"@type\":\"Organization\",\"@id\":\"https:\/\/ydstrong.es\/#organization\",\"name\":\"YDSTRONG\",\"url\":\"https:\/\/ydstrong.es\/\",\"logo\":{\"@type\":\"ImageObject\",\"inLanguage\":\"nl-NL\",\"@id\":\"https:\/\/ydstrong.es\/#\/schema\/logo\/image\/\",\"url\":\"http:\/\/ydstrong.es\/wp-content\/uploads\/2023\/06\/YDSTRONG-LOGO_-R_-scaled.jpg\",\"contentUrl\":\"http:\/\/ydstrong.es\/wp-content\/uploads\/2023\/06\/YDSTRONG-LOGO_-R_-scaled.jpg\",\"width\":2560,\"height\":592,\"caption\":\"YDSTRONG\"},\"image\":{\"@id\":\"https:\/\/ydstrong.es\/#\/schema\/logo\/image\/\"}}]}<\/script>\n<!-- \/ Yoast SEO plugin. -->","yoast_head_json":{"title":"Traje de entrenamiento EMS para uso personal - Modelo YD-209C + m\u00e1quina EMS YDSTRONG - YDSTRONG","robots":{"index":"index","follow":"follow","max-snippet":"max-snippet:-1","max-image-preview":"max-image-preview:large","max-video-preview":"max-video-preview:-1"},"canonical":"https:\/\/ydstrong.es\/nl\/product\/traje-de-entrenamiento-ems-para-uso-personal-modelo-yd-209c\/","og_locale":"nl_NL","og_type":"article","og_title":"Traje de entrenamiento EMS para uso personal - Modelo YD-209C + m\u00e1quina EMS YDSTRONG - YDSTRONG","og_description":"Traje de entrenamiento inal\u00e1mbrico con caja de alimentaci\u00f3n YD-209C Con 20 almohadillas secas que cubren principalmente el cuerpo y los grupos musculares. No es necesario rociar agua. Te ayuda a:   P\u00e9rdida de grasa  Moldeo corporal  Construcci\u00f3n muscular  Fisioterapia  Incluye un traje +\u00a0 m\u00e1quina EMS + una banda para la cintura.  24pcs sensores corporales recogen datos del cuerpo analizar sus datos corporales para personalizar el plan de acondicionamiento f\u00edsico personal.","og_url":"https:\/\/ydstrong.es\/nl\/product\/traje-de-entrenamiento-ems-para-uso-personal-modelo-yd-209c\/","og_site_name":"YDSTRONG","article_modified_time":"2026-04-16T13:48:22+00:00","og_image":[{"width":640,"height":640,"url":"https:\/\/ydstrong.es\/wp-content\/uploads\/2023\/06\/19.png","type":"image\/png"}],"twitter_card":"summary_large_image","twitter_misc":{"Geschatte leestijd":"1 minuut"},"schema":{"@context":"https:\/\/schema.org","@graph":[{"@type":"WebPage","@id":"https:\/\/ydstrong.es\/producto\/traje-de-entrenamiento-ems-para-uso-personal-modelo-yd-209c\/","url":"https:\/\/ydstrong.es\/producto\/traje-de-entrenamiento-ems-para-uso-personal-modelo-yd-209c\/","name":"Traje de entrenamiento EMS para uso personal - Modelo YD-209C + m\u00e1quina EMS YDSTRONG - YDSTRONG","isPartOf":{"@id":"https:\/\/ydstrong.es\/#website"},"primaryImageOfPage":{"@id":"https:\/\/ydstrong.es\/producto\/traje-de-entrenamiento-ems-para-uso-personal-modelo-yd-209c\/#primaryimage"},"image":{"@id":"https:\/\/ydstrong.es\/producto\/traje-de-entrenamiento-ems-para-uso-personal-modelo-yd-209c\/#primaryimage"},"thumbnailUrl":"https:\/\/ydstrong.es\/wp-content\/uploads\/2023\/06\/19.png","datePublished":"2023-06-05T19:29:12+00:00","dateModified":"2026-04-16T13:48:22+00:00","breadcrumb":{"@id":"https:\/\/ydstrong.es\/producto\/traje-de-entrenamiento-ems-para-uso-personal-modelo-yd-209c\/#breadcrumb"},"inLanguage":"nl-NL","potentialAction":[{"@type":"ReadAction","target":["https:\/\/ydstrong.es\/producto\/traje-de-entrenamiento-ems-para-uso-personal-modelo-yd-209c\/"]}]},{"@type":"ImageObject","inLanguage":"nl-NL","@id":"https:\/\/ydstrong.es\/producto\/traje-de-entrenamiento-ems-para-uso-personal-modelo-yd-209c\/#primaryimage","url":"https:\/\/ydstrong.es\/wp-content\/uploads\/2023\/06\/19.png","contentUrl":"https:\/\/ydstrong.es\/wp-content\/uploads\/2023\/06\/19.png","width":640,"height":640},{"@type":"BreadcrumbList","@id":"https:\/\/ydstrong.es\/producto\/traje-de-entrenamiento-ems-para-uso-personal-modelo-yd-209c\/#breadcrumb","itemListElement":[{"@type":"ListItem","position":1,"name":"Portada","item":"https:\/\/ydstrong.es\/"},{"@type":"ListItem","position":2,"name":"Tienda","item":"https:\/\/ydstrong.es\/tienda\/"},{"@type":"ListItem","position":3,"name":"Traje de entrenamiento EMS para uso personal &#8211; Modelo YD-209C + m\u00e1quina EMS YDSTRONG"}]},{"@type":"WebSite","@id":"https:\/\/ydstrong.es\/#website","url":"https:\/\/ydstrong.es\/","name":"YDSTRONG","description":"Traje de Electroestimulaci\u00f3n - Tecnolog\u00eda \u00danica en Espa\u00f1a","publisher":{"@id":"https:\/\/ydstrong.es\/#organization"},"potentialAction":[{"@type":"SearchAction","target":{"@type":"EntryPoint","urlTemplate":"https:\/\/ydstrong.es\/?s={search_term_string}"},"query-input":"required name=search_term_string"}],"inLanguage":"nl-NL"},{"@type":"Organization","@id":"https:\/\/ydstrong.es\/#organization","name":"YDSTRONG","url":"https:\/\/ydstrong.es\/","logo":{"@type":"ImageObject","inLanguage":"nl-NL","@id":"https:\/\/ydstrong.es\/#\/schema\/logo\/image\/","url":"http:\/\/ydstrong.es\/wp-content\/uploads\/2023\/06\/YDSTRONG-LOGO_-R_-scaled.jpg","contentUrl":"http:\/\/ydstrong.es\/wp-content\/uploads\/2023\/06\/YDSTRONG-LOGO_-R_-scaled.jpg","width":2560,"height":592,"caption":"YDSTRONG"},"image":{"@id":"https:\/\/ydstrong.es\/#\/schema\/logo\/image\/"}}]}},"_links":{"self":[{"href":"https:\/\/ydstrong.es\/nl\/wp-json\/wp\/v2\/product\/92","targetHints":{"allow":["GET"]}}],"collection":[{"href":"https:\/\/ydstrong.es\/nl\/wp-json\/wp\/v2\/product"}],"about":[{"href":"https:\/\/ydstrong.es\/nl\/wp-json\/wp\/v2\/types\/product"}],"replies":[{"embeddable":true,"href":"https:\/\/ydstrong.es\/nl\/wp-json\/wp\/v2\/comments?post=92"}],"wp:featuredmedia":[{"embeddable":true,"href":"https:\/\/ydstrong.es\/nl\/wp-json\/wp\/v2\/media\/93"}],"wp:attachment":[{"href":"https:\/\/ydstrong.es\/nl\/wp-json\/wp\/v2\/media?parent=92"}],"wp:term":[{"taxonomy":"product_cat","embeddable":true,"href":"https:\/\/ydstrong.es\/nl\/wp-json\/wp\/v2\/product_cat?post=92"},{"taxonomy":"product_tag","embeddable":true,"href":"https:\/\/ydstrong.es\/nl\/wp-json\/wp\/v2\/product_tag?post=92"}],"curies":[{"name":"wp","href":"https:\/\/api.w.org\/{rel}","templated":true}]}}