{"id":9,"date":"2023-06-08T11:40:52","date_gmt":"2023-06-08T11:40:52","guid":{"rendered":"http:\/\/ydstrong.es\/?page_id=9"},"modified":"2023-06-08T19:50:23","modified_gmt":"2023-06-08T19:50:23","slug":"politicas-de-cookies","status":"publish","type":"page","link":"https:\/\/ydstrong.es\/sv\/politicas-de-cookies\/","title":{"rendered":"Policy f\u00f6r Cookies"},"content":{"rendered":"<p>Senast uppdaterad: 8 juni 2023<\/p>\n\n\n\n<p>V\u00e4lkommen till YDStrong. Denna Cookie-Policy f\u00f6rklarar hur vi anv\u00e4nder cookies och liknande teknik f\u00f6r att k\u00e4nna igen dig n\u00e4r du bes\u00f6ker v\u00e5r webbplats. Det f\u00f6rklarar vad dessa tekniker \u00e4r och varf\u00f6r vi anv\u00e4nder dem, liksom dina r\u00e4ttigheter att styra v\u00e5r anv\u00e4ndning av dem.<\/p>\n\n\n\n<ol class=\"wp-block-list\">\n<li>Vad \u00e4r cookies?<\/li>\n<\/ol>\n\n\n\n<p>Cookies \u00e4r sm\u00e5 filer som placeras p\u00e5 din dator eller mobila enhet n\u00e4r du bes\u00f6ker en webbplats. Cookies anv\u00e4nds av en webbplats \u00e4gare f\u00f6r att k\u00f6ra deras webbplatser, eller att arbeta mer effektivt, samt till att ge rapportering.<\/p>\n\n\n\n<ol class=\"wp-block-list\" start=\"2\">\n<li>Hur anv\u00e4nder vi cookies?<\/li>\n<\/ol>\n\n\n\n<p>N\u00e4r du tillg\u00e5ng till v\u00e5r webbplats, YDStrong du kan placera ett antal cookies i din webbl\u00e4sare. Vi anv\u00e4nder cookies f\u00f6r f\u00f6ljande \u00e4ndam\u00e5l:<\/p>\n\n\n\n<ul class=\"wp-block-list\">\n<li>N\u00f6dv\u00e4ndiga Cookies: Dessa cookies \u00e4r n\u00f6dv\u00e4ndiga f\u00f6r att f\u00f6rse dig med tj\u00e4nster som \u00e4r tillg\u00e4ngliga via v\u00e5r hemsida och att anv\u00e4nda vissa av dess funktioner.<\/li>\n\n\n\n<li>Prestanda Cookies och funktion: Dessa cookies anv\u00e4nds f\u00f6r att f\u00f6rb\u00e4ttra funktioner och anpassning av v\u00e5r hemsida. De kan st\u00e4llas in av oss eller av tredje part tj\u00e4nsteleverant\u00f6rer vars tj\u00e4nster har vi lagt till v\u00e5ra sidor.<\/li>\n\n\n\n<li>Cookies f\u00f6r analys och anpassning av Dessa cookies samlar in information som anv\u00e4nds f\u00f6r att hj\u00e4lpa oss att f\u00f6rst\u00e5 hur v\u00e5r webbplats anv\u00e4nds, hur effektiva v\u00e5ra reklamkampanjer \u00e4r, eller f\u00f6r att hj\u00e4lpa oss att anpassa v\u00e5r webbplats till att f\u00f6rb\u00e4ttra din upplevelse.<\/li>\n\n\n\n<li>Reklam Cookies: Dessa cookies anv\u00e4nds f\u00f6r att g\u00f6ra reklam som \u00e4r mer relevant f\u00f6r dig. Utf\u00f6r de funktioner som f\u00f6rhindrar att samma annons fr\u00e5n att komma tillbaka kontinuerligt, f\u00f6r att s\u00e4kerst\u00e4lla att annonserna visas korrekt, och i vissa fall till att v\u00e4lja annonser baserat p\u00e5 dina intressen.<\/li>\n<\/ul>\n\n\n\n<ol class=\"wp-block-list\" start=\"3\">\n<li>Hur kan jag kontrollera cookies?<\/li>\n<\/ol>\n\n\n\n<p>Du har r\u00e4tt att besluta om att acceptera eller avvisa cookies. Du kan ut\u00f6va dina cookie-inst\u00e4llningar genom att st\u00e4lla in din webbl\u00e4sare att neka alla eller vissa cookies. Dock, om du anv\u00e4nder din webbl\u00e4sares inst\u00e4llningar f\u00f6r att blockera alla cookies (inklusive n\u00f6dv\u00e4ndiga cookies) kan du inte att kunna komma \u00e5t hela eller delar av v\u00e5r webbplats.<\/p>\n\n\n\n<ol class=\"wp-block-list\" start=\"4\">\n<li>\u00c4ndringar i Policy f\u00f6r Cookies<\/li>\n<\/ol>\n\n\n\n<p>Vi kan uppdatera denna Cookie-Policy fr\u00e5n tid till annan f\u00f6r att reflektera, till exempel, f\u00f6r\u00e4ndringar av cookies som vi anv\u00e4nder eller av andra praktiska sk\u00e4l, lagar eller f\u00f6rordningar. Bes\u00f6k g\u00e4rna denna Cookie-Policy regelbundet f\u00f6r att h\u00e5lla dig informerad om hur vi anv\u00e4nder cookies och liknande tekniker.<\/p>\n\n\n\n<p>Om du har n\u00e5gra fr\u00e5gor om v\u00e5r anv\u00e4ndning av cookies eller andra tekniker, v\u00e4nligen maila oss via v\u00e5r kontakt sida.<\/p>\n\n\n\n<ol class=\"wp-block-list\" start=\"5\">\n<li>Cookies fr\u00e5n tredje part<\/li>\n<\/ol>\n\n\n\n<p>I till\u00e4gg till v\u00e5ra egna cookies, kan vi ocks\u00e5 anv\u00e4nda olika tredje parts cookies f\u00f6r att rapportera anv\u00e4ndning av webbplatsen, leverera annonser p\u00e5 och genom webbplatsen, och s\u00e5 vidare. Dessa tredje parter har tj\u00e4nsteleverant\u00f6rer som utf\u00f6ra funktioner p\u00e5 v\u00e5r r\u00e4kning, till exempel f\u00f6r att analysera data, tillhandah\u00e5lla marknadsf\u00f6ringstj\u00e4nster, listan meddelanden, och andra tj\u00e4nster.<\/p>\n\n\n\n<ol class=\"wp-block-list\" start=\"6\">\n<li>Sociala N\u00e4tverk Cookies<\/li>\n<\/ol>\n\n\n\n<p>V\u00e5r webbplats inneh\u00e5ller sociala medier knappar som till\u00e5ter anv\u00e4ndare att dela inneh\u00e5ll via tredje parts n\u00e4tverk och andra plattformar i delade media. Dessa n\u00e4tverk kan placera sina egna cookies n\u00e4r du \u00e4r inloggad p\u00e5 deras service. Vi g\u00f6r inte kontrollera inst\u00e4llningen av dessa cookies, s\u00e5 f\u00f6resl\u00e5r vi att du kolla webbplatsen f\u00f6r relevanta sociala n\u00e4tverk f\u00f6r mer information om deras policy f\u00f6r cookies.<\/p>\n\n\n\n<ol class=\"wp-block-list\" start=\"7\">\n<li>Samtycke till att Cookies<\/li>\n<\/ol>\n\n\n\n<p>Al utilizar nuestro sitio web, usted acepta el uso de cookies y tecnolog\u00edas similares en conformidad con esta Pol\u00edtica de Cookies. Si no est\u00e1 de acuerdo con nuestro uso de cookies y tecnolog\u00edas similares, deber\u00e1 desactivarlas siguiendo las instrucciones de esta Pol\u00edtica de Cookies, o abstenerse de utilizar nuestro sitio web.<\/p>\n\n\n\n<ol class=\"wp-block-list\" start=\"8\">\n<li>Kontakta<\/li>\n<\/ol>\n\n\n\n<p>Si tiene alguna pregunta sobre esta Pol\u00edtica de Cookies, por favor cont\u00e1ctenos a trav\u00e9s de la p\u00e1gina de \u201cContacto\u201d en nuestro sitio web.<\/p>\n\n\n\n<p>Observera att denna Cookie-Policy kan \u00e4ndras fr\u00e5n tid till tid. Vi rekommenderar att du l\u00e4ser igenom denna policy f\u00f6r varje g\u00e5ng du bes\u00f6ker v\u00e5r webbplats f\u00f6r att s\u00e4kerst\u00e4lla att du \u00e4r medveten av v\u00e5ra mest aktuella informationen p\u00e5 v\u00e5r anv\u00e4ndning av cookies och liknande teknik.<\/p>","protected":false},"excerpt":{"rendered":"<p>\u00daltima actualizaci\u00f3n: 8 de junio de 2023 Bienvenido a YDStrong. Esta Pol\u00edtica de Cookies explica c\u00f3mo usamos las cookies y tecnolog\u00edas similares para reconocerle cuando visita nuestro sitio web. Explica qu\u00e9 son estas tecnolog\u00edas y por qu\u00e9 las usamos, as\u00ed como sus derechos para controlar nuestro uso de ellas. Las cookies son peque\u00f1os archivos de &hellip;<\/p>\n<p class=\"read-more\"> <a class=\"\" href=\"https:\/\/ydstrong.es\/sv\/politicas-de-cookies\/\"> <span class=\"screen-reader-text\">Policy f\u00f6r Cookies<\/span> L\u00e4s mer &raquo;<\/a><\/p>","protected":false},"author":2,"featured_media":0,"parent":0,"menu_order":0,"comment_status":"closed","ping_status":"closed","template":"","meta":{"site-sidebar-layout":"default","site-content-layout":"default","ast-global-header-display":"","ast-banner-title-visibility":"","ast-main-header-display":"","ast-hfb-above-header-display":"","ast-hfb-below-header-display":"","ast-hfb-mobile-header-display":"","site-post-title":"","ast-breadcrumbs-content":"","ast-featured-img":"","footer-sml-layout":"","theme-transparent-header-meta":"","adv-header-id-meta":"","stick-header-meta":"","header-above-stick-meta":"","header-main-stick-meta":"","header-below-stick-meta":"","footnotes":""},"class_list":["post-9","page","type-page","status-publish","hentry"],"yoast_head":"<!-- This site is optimized with the Yoast SEO plugin v22.6 - https:\/\/yoast.com\/wordpress\/plugins\/seo\/ -->\n<title>Pol\u00edticas de Cookies - YDSTRONG<\/title>\n<meta name=\"robots\" content=\"index, follow, max-snippet:-1, max-image-preview:large, max-video-preview:-1\" \/>\n<link rel=\"canonical\" href=\"https:\/\/ydstrong.es\/sv\/politicas-de-cookies\/\" \/>\n<meta property=\"og:locale\" content=\"sv_SE\" \/>\n<meta property=\"og:type\" content=\"article\" \/>\n<meta property=\"og:title\" content=\"Pol\u00edticas de Cookies - YDSTRONG\" \/>\n<meta property=\"og:description\" content=\"\u00daltima actualizaci\u00f3n: 8 de junio de 2023 Bienvenido a YDStrong. Esta Pol\u00edtica de Cookies explica c\u00f3mo usamos las cookies y tecnolog\u00edas similares para reconocerle cuando visita nuestro sitio web. Explica qu\u00e9 son estas tecnolog\u00edas y por qu\u00e9 las usamos, as\u00ed como sus derechos para controlar nuestro uso de ellas. Las cookies son peque\u00f1os archivos de &hellip; Pol\u00edticas de Cookies L\u00e4s mer &raquo;\" \/>\n<meta property=\"og:url\" content=\"https:\/\/ydstrong.es\/sv\/politicas-de-cookies\/\" \/>\n<meta property=\"og:site_name\" content=\"YDSTRONG\" \/>\n<meta property=\"article:modified_time\" content=\"2023-06-08T19:50:23+00:00\" \/>\n<meta name=\"twitter:card\" content=\"summary_large_image\" \/>\n<meta name=\"twitter:label1\" content=\"Ber\u00e4knad l\u00e4stid\" \/>\n\t<meta name=\"twitter:data1\" content=\"4 minuter\" \/>\n<script type=\"application\/ld+json\" class=\"yoast-schema-graph\">{\"@context\":\"https:\/\/schema.org\",\"@graph\":[{\"@type\":\"WebPage\",\"@id\":\"https:\/\/ydstrong.es\/politicas-de-cookies\/\",\"url\":\"https:\/\/ydstrong.es\/politicas-de-cookies\/\",\"name\":\"Pol\u00edticas de Cookies - YDSTRONG\",\"isPartOf\":{\"@id\":\"https:\/\/ydstrong.es\/#website\"},\"datePublished\":\"2023-06-08T11:40:52+00:00\",\"dateModified\":\"2023-06-08T19:50:23+00:00\",\"breadcrumb\":{\"@id\":\"https:\/\/ydstrong.es\/politicas-de-cookies\/#breadcrumb\"},\"inLanguage\":\"sv-SE\",\"potentialAction\":[{\"@type\":\"ReadAction\",\"target\":[\"https:\/\/ydstrong.es\/politicas-de-cookies\/\"]}]},{\"@type\":\"BreadcrumbList\",\"@id\":\"https:\/\/ydstrong.es\/politicas-de-cookies\/#breadcrumb\",\"itemListElement\":[{\"@type\":\"ListItem\",\"position\":1,\"name\":\"Portada\",\"item\":\"https:\/\/ydstrong.es\/\"},{\"@type\":\"ListItem\",\"position\":2,\"name\":\"Pol\u00edticas de Cookies\"}]},{\"@type\":\"WebSite\",\"@id\":\"https:\/\/ydstrong.es\/#website\",\"url\":\"https:\/\/ydstrong.es\/\",\"name\":\"YDSTRONG\",\"description\":\"Traje de Electroestimulaci\u00f3n - Tecnolog\u00eda \u00danica en Espa\u00f1a\",\"publisher\":{\"@id\":\"https:\/\/ydstrong.es\/#organization\"},\"potentialAction\":[{\"@type\":\"SearchAction\",\"target\":{\"@type\":\"EntryPoint\",\"urlTemplate\":\"https:\/\/ydstrong.es\/?s={search_term_string}\"},\"query-input\":\"required name=search_term_string\"}],\"inLanguage\":\"sv-SE\"},{\"@type\":\"Organization\",\"@id\":\"https:\/\/ydstrong.es\/#organization\",\"name\":\"YDSTRONG\",\"url\":\"https:\/\/ydstrong.es\/\",\"logo\":{\"@type\":\"ImageObject\",\"inLanguage\":\"sv-SE\",\"@id\":\"https:\/\/ydstrong.es\/#\/schema\/logo\/image\/\",\"url\":\"http:\/\/ydstrong.es\/wp-content\/uploads\/2023\/06\/YDSTRONG-LOGO_-R_-scaled.jpg\",\"contentUrl\":\"http:\/\/ydstrong.es\/wp-content\/uploads\/2023\/06\/YDSTRONG-LOGO_-R_-scaled.jpg\",\"width\":2560,\"height\":592,\"caption\":\"YDSTRONG\"},\"image\":{\"@id\":\"https:\/\/ydstrong.es\/#\/schema\/logo\/image\/\"}}]}<\/script>\n<!-- \/ Yoast SEO plugin. -->","yoast_head_json":{"title":"Pol\u00edticas de Cookies - YDSTRONG","robots":{"index":"index","follow":"follow","max-snippet":"max-snippet:-1","max-image-preview":"max-image-preview:large","max-video-preview":"max-video-preview:-1"},"canonical":"https:\/\/ydstrong.es\/sv\/politicas-de-cookies\/","og_locale":"sv_SE","og_type":"article","og_title":"Pol\u00edticas de Cookies - YDSTRONG","og_description":"\u00daltima actualizaci\u00f3n: 8 de junio de 2023 Bienvenido a YDStrong. Esta Pol\u00edtica de Cookies explica c\u00f3mo usamos las cookies y tecnolog\u00edas similares para reconocerle cuando visita nuestro sitio web. Explica qu\u00e9 son estas tecnolog\u00edas y por qu\u00e9 las usamos, as\u00ed como sus derechos para controlar nuestro uso de ellas. Las cookies son peque\u00f1os archivos de &hellip; Pol\u00edticas de Cookies L\u00e4s mer &raquo;","og_url":"https:\/\/ydstrong.es\/sv\/politicas-de-cookies\/","og_site_name":"YDSTRONG","article_modified_time":"2023-06-08T19:50:23+00:00","twitter_card":"summary_large_image","twitter_misc":{"Ber\u00e4knad l\u00e4stid":"4 minuter"},"schema":{"@context":"https:\/\/schema.org","@graph":[{"@type":"WebPage","@id":"https:\/\/ydstrong.es\/politicas-de-cookies\/","url":"https:\/\/ydstrong.es\/politicas-de-cookies\/","name":"Pol\u00edticas de Cookies - YDSTRONG","isPartOf":{"@id":"https:\/\/ydstrong.es\/#website"},"datePublished":"2023-06-08T11:40:52+00:00","dateModified":"2023-06-08T19:50:23+00:00","breadcrumb":{"@id":"https:\/\/ydstrong.es\/politicas-de-cookies\/#breadcrumb"},"inLanguage":"sv-SE","potentialAction":[{"@type":"ReadAction","target":["https:\/\/ydstrong.es\/politicas-de-cookies\/"]}]},{"@type":"BreadcrumbList","@id":"https:\/\/ydstrong.es\/politicas-de-cookies\/#breadcrumb","itemListElement":[{"@type":"ListItem","position":1,"name":"Portada","item":"https:\/\/ydstrong.es\/"},{"@type":"ListItem","position":2,"name":"Pol\u00edticas de Cookies"}]},{"@type":"WebSite","@id":"https:\/\/ydstrong.es\/#website","url":"https:\/\/ydstrong.es\/","name":"YDSTRONG","description":"Traje de Electroestimulaci\u00f3n - Tecnolog\u00eda \u00danica en Espa\u00f1a","publisher":{"@id":"https:\/\/ydstrong.es\/#organization"},"potentialAction":[{"@type":"SearchAction","target":{"@type":"EntryPoint","urlTemplate":"https:\/\/ydstrong.es\/?s={search_term_string}"},"query-input":"required name=search_term_string"}],"inLanguage":"sv-SE"},{"@type":"Organization","@id":"https:\/\/ydstrong.es\/#organization","name":"YDSTRONG","url":"https:\/\/ydstrong.es\/","logo":{"@type":"ImageObject","inLanguage":"sv-SE","@id":"https:\/\/ydstrong.es\/#\/schema\/logo\/image\/","url":"http:\/\/ydstrong.es\/wp-content\/uploads\/2023\/06\/YDSTRONG-LOGO_-R_-scaled.jpg","contentUrl":"http:\/\/ydstrong.es\/wp-content\/uploads\/2023\/06\/YDSTRONG-LOGO_-R_-scaled.jpg","width":2560,"height":592,"caption":"YDSTRONG"},"image":{"@id":"https:\/\/ydstrong.es\/#\/schema\/logo\/image\/"}}]}},"_links":{"self":[{"href":"https:\/\/ydstrong.es\/sv\/wp-json\/wp\/v2\/pages\/9","targetHints":{"allow":["GET"]}}],"collection":[{"href":"https:\/\/ydstrong.es\/sv\/wp-json\/wp\/v2\/pages"}],"about":[{"href":"https:\/\/ydstrong.es\/sv\/wp-json\/wp\/v2\/types\/page"}],"author":[{"embeddable":true,"href":"https:\/\/ydstrong.es\/sv\/wp-json\/wp\/v2\/users\/2"}],"replies":[{"embeddable":true,"href":"https:\/\/ydstrong.es\/sv\/wp-json\/wp\/v2\/comments?post=9"}],"version-history":[{"count":1,"href":"https:\/\/ydstrong.es\/sv\/wp-json\/wp\/v2\/pages\/9\/revisions"}],"predecessor-version":[{"id":428,"href":"https:\/\/ydstrong.es\/sv\/wp-json\/wp\/v2\/pages\/9\/revisions\/428"}],"wp:attachment":[{"href":"https:\/\/ydstrong.es\/sv\/wp-json\/wp\/v2\/media?parent=9"}],"curies":[{"name":"wp","href":"https:\/\/api.w.org\/{rel}","templated":true}]}}