{"id":529,"date":"2023-07-03T13:01:21","date_gmt":"2023-07-03T13:01:21","guid":{"rendered":"https:\/\/ydstrong.es\/?post_type=product&#038;p=529"},"modified":"2026-03-25T13:12:33","modified_gmt":"2026-03-25T13:12:33","slug":"fajatonificacionabdominal-yd503","status":"publish","type":"product","link":"https:\/\/ydstrong.es\/sv\/product\/fajatonificacionabdominal-yd503\/","title":{"rendered":"Abdominal toning b\u00e4lte \u2013 Modell: YD-503"},"content":{"rendered":"<p>&nbsp;<\/p>\n<p>&nbsp;<\/p>\n<p>&nbsp;<\/p>\n<p>&nbsp;<\/p>\n<p>&nbsp;<\/p>","protected":false},"excerpt":{"rendered":"<p>Tr\u00e5dl\u00f6st tr\u00e4ningsb\u00e4lte med Power Box YD-503 Med 20 torra kuddar som fr\u00e4mst t\u00e4cker magmuskelgrupperna. Inget behov av att spraya vatten. Det hj\u00e4lper dig att:<\/p>\n<ul>\n<li>Fett f\u00f6rlust<\/li>\n<li>Gjutning av kroppen<\/li>\n<li>Muskeluppbyggnad<\/li>\n<li>Sjukgymnastik<\/li>\n<li>Har b\u00e4lte + en l\u00e5da av avgift<\/li>\n<\/ul>","protected":false},"featured_media":535,"comment_status":"open","ping_status":"closed","template":"","meta":{"site-sidebar-layout":"default","site-content-layout":"default","ast-global-header-display":"","ast-banner-title-visibility":"","ast-main-header-display":"","ast-hfb-above-header-display":"","ast-hfb-below-header-display":"","ast-hfb-mobile-header-display":"","site-post-title":"","ast-breadcrumbs-content":"","ast-featured-img":"","footer-sml-layout":"","theme-transparent-header-meta":"default","adv-header-id-meta":"","stick-header-meta":"","header-above-stick-meta":"","header-main-stick-meta":"","header-below-stick-meta":""},"product_cat":[28],"product_tag":[],"class_list":{"0":"post-529","1":"product","2":"type-product","3":"status-publish","4":"has-post-thumbnail","6":"product_cat-faja-electroestimulacion","7":"desktop-align-left","8":"tablet-align-left","9":"mobile-align-left","11":"first","12":"instock","13":"shipping-taxable","14":"purchasable","15":"product-type-simple"},"yoast_head":"<!-- This site is optimized with the Yoast SEO plugin v22.6 - https:\/\/yoast.com\/wordpress\/plugins\/seo\/ -->\n<title>Faja de tonificaci\u00f3n abdominal - Modelo: YD-503 - YDSTRONG<\/title>\n<meta name=\"robots\" content=\"index, follow, max-snippet:-1, max-image-preview:large, max-video-preview:-1\" \/>\n<link rel=\"canonical\" href=\"https:\/\/ydstrong.es\/sv\/product\/fajatonificacionabdominal-yd503\/\" \/>\n<meta property=\"og:locale\" content=\"sv_SE\" \/>\n<meta property=\"og:type\" content=\"article\" \/>\n<meta property=\"og:title\" content=\"Faja de tonificaci\u00f3n abdominal - Modelo: YD-503 - YDSTRONG\" \/>\n<meta property=\"og:description\" content=\"Faja de entrenamiento inal\u00e1mbrico con caja de alimentaci\u00f3n YD-503 Con 20 almohadillas secas que cubren principalmente los grupos musculares del abdomen. No es necesario rociar agua. Te ayuda a:   P\u00e9rdida de grasa  Moldeo corporal  Construcci\u00f3n muscular  Fisioterapia  Incluye faja + una caja de carga\" \/>\n<meta property=\"og:url\" content=\"https:\/\/ydstrong.es\/sv\/product\/fajatonificacionabdominal-yd503\/\" \/>\n<meta property=\"og:site_name\" content=\"YDSTRONG\" \/>\n<meta property=\"article:modified_time\" content=\"2026-03-25T13:12:33+00:00\" \/>\n<meta property=\"og:image\" content=\"https:\/\/ydstrong.es\/wp-content\/uploads\/2023\/07\/1-1024x705.png\" \/>\n\t<meta property=\"og:image:width\" content=\"1024\" \/>\n\t<meta property=\"og:image:height\" content=\"705\" \/>\n\t<meta property=\"og:image:type\" content=\"image\/png\" \/>\n<meta name=\"twitter:card\" content=\"summary_large_image\" \/>\n<script type=\"application\/ld+json\" class=\"yoast-schema-graph\">{\"@context\":\"https:\/\/schema.org\",\"@graph\":[{\"@type\":\"WebPage\",\"@id\":\"https:\/\/ydstrong.es\/producto\/fajatonificacionabdominal-yd503\/\",\"url\":\"https:\/\/ydstrong.es\/producto\/fajatonificacionabdominal-yd503\/\",\"name\":\"Faja de tonificaci\u00f3n abdominal - Modelo: YD-503 - YDSTRONG\",\"isPartOf\":{\"@id\":\"https:\/\/ydstrong.es\/#website\"},\"primaryImageOfPage\":{\"@id\":\"https:\/\/ydstrong.es\/producto\/fajatonificacionabdominal-yd503\/#primaryimage\"},\"image\":{\"@id\":\"https:\/\/ydstrong.es\/producto\/fajatonificacionabdominal-yd503\/#primaryimage\"},\"thumbnailUrl\":\"https:\/\/ydstrong.es\/wp-content\/uploads\/2023\/07\/1.png\",\"datePublished\":\"2023-07-03T13:01:21+00:00\",\"dateModified\":\"2026-03-25T13:12:33+00:00\",\"breadcrumb\":{\"@id\":\"https:\/\/ydstrong.es\/producto\/fajatonificacionabdominal-yd503\/#breadcrumb\"},\"inLanguage\":\"sv-SE\",\"potentialAction\":[{\"@type\":\"ReadAction\",\"target\":[\"https:\/\/ydstrong.es\/producto\/fajatonificacionabdominal-yd503\/\"]}]},{\"@type\":\"ImageObject\",\"inLanguage\":\"sv-SE\",\"@id\":\"https:\/\/ydstrong.es\/producto\/fajatonificacionabdominal-yd503\/#primaryimage\",\"url\":\"https:\/\/ydstrong.es\/wp-content\/uploads\/2023\/07\/1.png\",\"contentUrl\":\"https:\/\/ydstrong.es\/wp-content\/uploads\/2023\/07\/1.png\",\"width\":4500,\"height\":3100},{\"@type\":\"BreadcrumbList\",\"@id\":\"https:\/\/ydstrong.es\/producto\/fajatonificacionabdominal-yd503\/#breadcrumb\",\"itemListElement\":[{\"@type\":\"ListItem\",\"position\":1,\"name\":\"Portada\",\"item\":\"https:\/\/ydstrong.es\/\"},{\"@type\":\"ListItem\",\"position\":2,\"name\":\"Tienda\",\"item\":\"https:\/\/ydstrong.es\/tienda\/\"},{\"@type\":\"ListItem\",\"position\":3,\"name\":\"Faja de tonificaci\u00f3n abdominal &#8211; Modelo: YD-503\"}]},{\"@type\":\"WebSite\",\"@id\":\"https:\/\/ydstrong.es\/#website\",\"url\":\"https:\/\/ydstrong.es\/\",\"name\":\"YDSTRONG\",\"description\":\"Traje de Electroestimulaci\u00f3n - Tecnolog\u00eda \u00danica en Espa\u00f1a\",\"publisher\":{\"@id\":\"https:\/\/ydstrong.es\/#organization\"},\"potentialAction\":[{\"@type\":\"SearchAction\",\"target\":{\"@type\":\"EntryPoint\",\"urlTemplate\":\"https:\/\/ydstrong.es\/?s={search_term_string}\"},\"query-input\":\"required name=search_term_string\"}],\"inLanguage\":\"sv-SE\"},{\"@type\":\"Organization\",\"@id\":\"https:\/\/ydstrong.es\/#organization\",\"name\":\"YDSTRONG\",\"url\":\"https:\/\/ydstrong.es\/\",\"logo\":{\"@type\":\"ImageObject\",\"inLanguage\":\"sv-SE\",\"@id\":\"https:\/\/ydstrong.es\/#\/schema\/logo\/image\/\",\"url\":\"http:\/\/ydstrong.es\/wp-content\/uploads\/2023\/06\/YDSTRONG-LOGO_-R_-scaled.jpg\",\"contentUrl\":\"http:\/\/ydstrong.es\/wp-content\/uploads\/2023\/06\/YDSTRONG-LOGO_-R_-scaled.jpg\",\"width\":2560,\"height\":592,\"caption\":\"YDSTRONG\"},\"image\":{\"@id\":\"https:\/\/ydstrong.es\/#\/schema\/logo\/image\/\"}}]}<\/script>\n<!-- \/ Yoast SEO plugin. -->","yoast_head_json":{"title":"Faja de tonificaci\u00f3n abdominal - Modelo: YD-503 - YDSTRONG","robots":{"index":"index","follow":"follow","max-snippet":"max-snippet:-1","max-image-preview":"max-image-preview:large","max-video-preview":"max-video-preview:-1"},"canonical":"https:\/\/ydstrong.es\/sv\/product\/fajatonificacionabdominal-yd503\/","og_locale":"sv_SE","og_type":"article","og_title":"Faja de tonificaci\u00f3n abdominal - Modelo: YD-503 - YDSTRONG","og_description":"Faja de entrenamiento inal\u00e1mbrico con caja de alimentaci\u00f3n YD-503 Con 20 almohadillas secas que cubren principalmente los grupos musculares del abdomen. No es necesario rociar agua. Te ayuda a:   P\u00e9rdida de grasa  Moldeo corporal  Construcci\u00f3n muscular  Fisioterapia  Incluye faja + una caja de carga","og_url":"https:\/\/ydstrong.es\/sv\/product\/fajatonificacionabdominal-yd503\/","og_site_name":"YDSTRONG","article_modified_time":"2026-03-25T13:12:33+00:00","og_image":[{"width":1024,"height":705,"url":"https:\/\/ydstrong.es\/wp-content\/uploads\/2023\/07\/1-1024x705.png","type":"image\/png"}],"twitter_card":"summary_large_image","schema":{"@context":"https:\/\/schema.org","@graph":[{"@type":"WebPage","@id":"https:\/\/ydstrong.es\/producto\/fajatonificacionabdominal-yd503\/","url":"https:\/\/ydstrong.es\/producto\/fajatonificacionabdominal-yd503\/","name":"Faja de tonificaci\u00f3n abdominal - Modelo: YD-503 - YDSTRONG","isPartOf":{"@id":"https:\/\/ydstrong.es\/#website"},"primaryImageOfPage":{"@id":"https:\/\/ydstrong.es\/producto\/fajatonificacionabdominal-yd503\/#primaryimage"},"image":{"@id":"https:\/\/ydstrong.es\/producto\/fajatonificacionabdominal-yd503\/#primaryimage"},"thumbnailUrl":"https:\/\/ydstrong.es\/wp-content\/uploads\/2023\/07\/1.png","datePublished":"2023-07-03T13:01:21+00:00","dateModified":"2026-03-25T13:12:33+00:00","breadcrumb":{"@id":"https:\/\/ydstrong.es\/producto\/fajatonificacionabdominal-yd503\/#breadcrumb"},"inLanguage":"sv-SE","potentialAction":[{"@type":"ReadAction","target":["https:\/\/ydstrong.es\/producto\/fajatonificacionabdominal-yd503\/"]}]},{"@type":"ImageObject","inLanguage":"sv-SE","@id":"https:\/\/ydstrong.es\/producto\/fajatonificacionabdominal-yd503\/#primaryimage","url":"https:\/\/ydstrong.es\/wp-content\/uploads\/2023\/07\/1.png","contentUrl":"https:\/\/ydstrong.es\/wp-content\/uploads\/2023\/07\/1.png","width":4500,"height":3100},{"@type":"BreadcrumbList","@id":"https:\/\/ydstrong.es\/producto\/fajatonificacionabdominal-yd503\/#breadcrumb","itemListElement":[{"@type":"ListItem","position":1,"name":"Portada","item":"https:\/\/ydstrong.es\/"},{"@type":"ListItem","position":2,"name":"Tienda","item":"https:\/\/ydstrong.es\/tienda\/"},{"@type":"ListItem","position":3,"name":"Faja de tonificaci\u00f3n abdominal &#8211; Modelo: YD-503"}]},{"@type":"WebSite","@id":"https:\/\/ydstrong.es\/#website","url":"https:\/\/ydstrong.es\/","name":"YDSTRONG","description":"Traje de Electroestimulaci\u00f3n - Tecnolog\u00eda \u00danica en Espa\u00f1a","publisher":{"@id":"https:\/\/ydstrong.es\/#organization"},"potentialAction":[{"@type":"SearchAction","target":{"@type":"EntryPoint","urlTemplate":"https:\/\/ydstrong.es\/?s={search_term_string}"},"query-input":"required name=search_term_string"}],"inLanguage":"sv-SE"},{"@type":"Organization","@id":"https:\/\/ydstrong.es\/#organization","name":"YDSTRONG","url":"https:\/\/ydstrong.es\/","logo":{"@type":"ImageObject","inLanguage":"sv-SE","@id":"https:\/\/ydstrong.es\/#\/schema\/logo\/image\/","url":"http:\/\/ydstrong.es\/wp-content\/uploads\/2023\/06\/YDSTRONG-LOGO_-R_-scaled.jpg","contentUrl":"http:\/\/ydstrong.es\/wp-content\/uploads\/2023\/06\/YDSTRONG-LOGO_-R_-scaled.jpg","width":2560,"height":592,"caption":"YDSTRONG"},"image":{"@id":"https:\/\/ydstrong.es\/#\/schema\/logo\/image\/"}}]}},"_links":{"self":[{"href":"https:\/\/ydstrong.es\/sv\/wp-json\/wp\/v2\/product\/529","targetHints":{"allow":["GET"]}}],"collection":[{"href":"https:\/\/ydstrong.es\/sv\/wp-json\/wp\/v2\/product"}],"about":[{"href":"https:\/\/ydstrong.es\/sv\/wp-json\/wp\/v2\/types\/product"}],"replies":[{"embeddable":true,"href":"https:\/\/ydstrong.es\/sv\/wp-json\/wp\/v2\/comments?post=529"}],"wp:featuredmedia":[{"embeddable":true,"href":"https:\/\/ydstrong.es\/sv\/wp-json\/wp\/v2\/media\/535"}],"wp:attachment":[{"href":"https:\/\/ydstrong.es\/sv\/wp-json\/wp\/v2\/media?parent=529"}],"wp:term":[{"taxonomy":"product_cat","embeddable":true,"href":"https:\/\/ydstrong.es\/sv\/wp-json\/wp\/v2\/product_cat?post=529"},{"taxonomy":"product_tag","embeddable":true,"href":"https:\/\/ydstrong.es\/sv\/wp-json\/wp\/v2\/product_tag?post=529"}],"curies":[{"name":"wp","href":"https:\/\/api.w.org\/{rel}","templated":true}]}}