{"id":594,"date":"2023-09-26T13:52:04","date_gmt":"2023-09-26T13:52:04","guid":{"rendered":"https:\/\/ydstrong.es\/?post_type=product&#038;p=594"},"modified":"2026-03-25T13:13:34","modified_gmt":"2026-03-25T13:13:34","slug":"pantalones-de-tonificacion-pelvica-modelo-yd-501m","status":"publish","type":"product","link":"https:\/\/ydstrong.es\/sv\/product\/pantalones-de-tonificacion-pelvica-modelo-yd-501m\/","title":{"rendered":"Byxor toning b\u00e4cken \u2013 Modell: M-501 MKR"},"content":{"rendered":"<p>&nbsp;<\/p>\n<p>&nbsp;<\/p>\n<p>&nbsp;<\/p>\n<p>&nbsp;<\/p>\n<ul>\n<li class=\"wp-first-item current\"><a class=\"wp-first-item current\" href=\"https:\/\/ydstrong.es\/wp-admin\/edit.php?post_type=product\" aria-current=\"page\">Todos los productos<\/a><\/li>\n<\/ul>\n<p><img fetchpriority=\"high\" decoding=\"async\" class=\"aligncenter wp-image-593 size-full\" src=\"https:\/\/ydstrong.es\/wp-content\/uploads\/2023\/09\/Screenshot3.png\" alt=\"\" width=\"1334\" height=\"530\" srcset=\"https:\/\/ydstrong.es\/wp-content\/uploads\/2023\/09\/Screenshot3.png 1334w, https:\/\/ydstrong.es\/wp-content\/uploads\/2023\/09\/Screenshot3-300x119.png 300w, https:\/\/ydstrong.es\/wp-content\/uploads\/2023\/09\/Screenshot3-1024x407.png 1024w, https:\/\/ydstrong.es\/wp-content\/uploads\/2023\/09\/Screenshot3-768x305.png 768w, https:\/\/ydstrong.es\/wp-content\/uploads\/2023\/09\/Screenshot3-600x238.png 600w\" sizes=\"(max-width: 1334px) 100vw, 1334px\" \/><\/p>","protected":false},"excerpt":{"rendered":"<p>Dessa b\u00e4ckentonande shorts \u00e4r baserade p\u00e5 EMS elektrisk stimuleringsteknik. Elektrodkuddarna f\u00e4sts p\u00e5 skinkor, l\u00e5r, rectus abdominis etc., med olika frekvenser f\u00f6r att stimulera de stora muskelgrupperna och sedan b\u00e4ckenbottenmusklerna och fortplantningsorganen i m\u00e4nniskokroppen. Inget behov av att spraya vatten. Det hj\u00e4lper dig att:<\/p>\n<ul>\n<li>Fett f\u00f6rlust<\/li>\n<li>Gjutning av kroppen<\/li>\n<li>Muskeluppbyggnad<\/li>\n<li>Sjukgymnastik<\/li>\n<li>Inneh\u00e5ller en ruta belastning.<\/li>\n<\/ul>\n<div id=\"simple-translate\" class=\"simple-translate-system-theme\">\n<div>\n<div class=\"simple-translate-button isShow\" style=\"background-image: url('moz-extension:\/\/ed67899f-1e64-47ce-b84e-35111ecf5949\/icons\/512.png'); height: 22px; width: 22px; top: 183px; left: 547px;\"><\/div>\n<div class=\"simple-translate-panel\" style=\"width: 300px; height: 200px; top: 0px; left: 0px; font-size: 13px;\">\n<div class=\"simple-translate-result-wrapper\" style=\"overflow: hidden;\">\n<div class=\"simple-translate-move\" draggable=\"true\"><\/div>\n<div class=\"simple-translate-result-contents\">\n<p class=\"simple-translate-candidate\" dir=\"auto\">\n<\/div>\n<\/div>\n<\/div>\n<\/div>\n<\/div>","protected":false},"featured_media":552,"comment_status":"open","ping_status":"closed","template":"","meta":{"site-sidebar-layout":"default","site-content-layout":"default","ast-global-header-display":"","ast-banner-title-visibility":"","ast-main-header-display":"","ast-hfb-above-header-display":"","ast-hfb-below-header-display":"","ast-hfb-mobile-header-display":"","site-post-title":"","ast-breadcrumbs-content":"","ast-featured-img":"","footer-sml-layout":"","theme-transparent-header-meta":"default","adv-header-id-meta":"","stick-header-meta":"","header-above-stick-meta":"","header-main-stick-meta":"","header-below-stick-meta":""},"product_cat":[27],"product_tag":[],"class_list":{"0":"post-594","1":"product","2":"type-product","3":"status-publish","4":"has-post-thumbnail","6":"product_cat-pantalones-electroestimulacion","7":"desktop-align-left","8":"tablet-align-left","9":"mobile-align-left","11":"first","12":"instock","13":"shipping-taxable","14":"purchasable","15":"product-type-variable"},"yoast_head":"<!-- This site is optimized with the Yoast SEO plugin v22.6 - https:\/\/yoast.com\/wordpress\/plugins\/seo\/ -->\n<title>Pantalones de tonificaci\u00f3n p\u00e9lvica - Modelo: YD-501M - YDSTRONG<\/title>\n<meta name=\"robots\" content=\"index, follow, max-snippet:-1, max-image-preview:large, max-video-preview:-1\" \/>\n<link rel=\"canonical\" href=\"https:\/\/ydstrong.es\/sv\/product\/pantalones-de-tonificacion-pelvica-modelo-yd-501m\/\" \/>\n<meta property=\"og:locale\" content=\"sv_SE\" \/>\n<meta property=\"og:type\" content=\"article\" \/>\n<meta property=\"og:title\" content=\"Pantalones de tonificaci\u00f3n p\u00e9lvica - Modelo: YD-501M - YDSTRONG\" \/>\n<meta property=\"og:description\" content=\"Este pantal\u00f3n corto de tonificaci\u00f3n p\u00e9lvica se basa en la tecnolog\u00eda de estimulaci\u00f3n el\u00e9ctrica EMS. Las almohadillas de electrodos se ajustan a las nalgas, los muslos, el recto abdominal, etc., utilizando distintas frecuencias para estimular los grandes grupos musculares y, a continuaci\u00f3n, los m\u00fasculos del suelo p\u00e9lvico y los \u00f3rganos reproductores del cuerpo humano. No es necesario rociar agua. Te ayuda a:   P\u00e9rdida de grasa  Moldeo corporal  Construcci\u00f3n muscular  Fisioterapia  Incluye una caja carga.\" \/>\n<meta property=\"og:url\" content=\"https:\/\/ydstrong.es\/sv\/product\/pantalones-de-tonificacion-pelvica-modelo-yd-501m\/\" \/>\n<meta property=\"og:site_name\" content=\"YDSTRONG\" \/>\n<meta property=\"article:modified_time\" content=\"2026-03-25T13:13:34+00:00\" \/>\n<meta property=\"og:image\" content=\"https:\/\/ydstrong.es\/wp-content\/uploads\/2023\/06\/Imagen-de-WhatsApp-2023-05-25-a-las-06.56.39.jpg\" \/>\n\t<meta property=\"og:image:width\" content=\"956\" \/>\n\t<meta property=\"og:image:height\" content=\"1600\" \/>\n\t<meta property=\"og:image:type\" content=\"image\/jpeg\" \/>\n<meta name=\"twitter:card\" content=\"summary_large_image\" \/>\n<meta name=\"twitter:label1\" content=\"Ber\u00e4knad l\u00e4stid\" \/>\n\t<meta name=\"twitter:data1\" content=\"1 minut\" \/>\n<script type=\"application\/ld+json\" class=\"yoast-schema-graph\">{\"@context\":\"https:\/\/schema.org\",\"@graph\":[{\"@type\":\"WebPage\",\"@id\":\"https:\/\/ydstrong.es\/producto\/pantalones-de-tonificacion-pelvica-modelo-yd-501m\/\",\"url\":\"https:\/\/ydstrong.es\/producto\/pantalones-de-tonificacion-pelvica-modelo-yd-501m\/\",\"name\":\"Pantalones de tonificaci\u00f3n p\u00e9lvica - Modelo: YD-501M - YDSTRONG\",\"isPartOf\":{\"@id\":\"https:\/\/ydstrong.es\/#website\"},\"primaryImageOfPage\":{\"@id\":\"https:\/\/ydstrong.es\/producto\/pantalones-de-tonificacion-pelvica-modelo-yd-501m\/#primaryimage\"},\"image\":{\"@id\":\"https:\/\/ydstrong.es\/producto\/pantalones-de-tonificacion-pelvica-modelo-yd-501m\/#primaryimage\"},\"thumbnailUrl\":\"https:\/\/ydstrong.es\/wp-content\/uploads\/2023\/06\/Imagen-de-WhatsApp-2023-05-25-a-las-06.56.39.jpg\",\"datePublished\":\"2023-09-26T13:52:04+00:00\",\"dateModified\":\"2026-03-25T13:13:34+00:00\",\"breadcrumb\":{\"@id\":\"https:\/\/ydstrong.es\/producto\/pantalones-de-tonificacion-pelvica-modelo-yd-501m\/#breadcrumb\"},\"inLanguage\":\"sv-SE\",\"potentialAction\":[{\"@type\":\"ReadAction\",\"target\":[\"https:\/\/ydstrong.es\/producto\/pantalones-de-tonificacion-pelvica-modelo-yd-501m\/\"]}]},{\"@type\":\"ImageObject\",\"inLanguage\":\"sv-SE\",\"@id\":\"https:\/\/ydstrong.es\/producto\/pantalones-de-tonificacion-pelvica-modelo-yd-501m\/#primaryimage\",\"url\":\"https:\/\/ydstrong.es\/wp-content\/uploads\/2023\/06\/Imagen-de-WhatsApp-2023-05-25-a-las-06.56.39.jpg\",\"contentUrl\":\"https:\/\/ydstrong.es\/wp-content\/uploads\/2023\/06\/Imagen-de-WhatsApp-2023-05-25-a-las-06.56.39.jpg\",\"width\":956,\"height\":1600},{\"@type\":\"BreadcrumbList\",\"@id\":\"https:\/\/ydstrong.es\/producto\/pantalones-de-tonificacion-pelvica-modelo-yd-501m\/#breadcrumb\",\"itemListElement\":[{\"@type\":\"ListItem\",\"position\":1,\"name\":\"Portada\",\"item\":\"https:\/\/ydstrong.es\/\"},{\"@type\":\"ListItem\",\"position\":2,\"name\":\"Tienda\",\"item\":\"https:\/\/ydstrong.es\/tienda\/\"},{\"@type\":\"ListItem\",\"position\":3,\"name\":\"Pantalones de tonificaci\u00f3n p\u00e9lvica &#8211; Modelo: YD-501M\"}]},{\"@type\":\"WebSite\",\"@id\":\"https:\/\/ydstrong.es\/#website\",\"url\":\"https:\/\/ydstrong.es\/\",\"name\":\"YDSTRONG\",\"description\":\"Traje de Electroestimulaci\u00f3n - Tecnolog\u00eda \u00danica en Espa\u00f1a\",\"publisher\":{\"@id\":\"https:\/\/ydstrong.es\/#organization\"},\"potentialAction\":[{\"@type\":\"SearchAction\",\"target\":{\"@type\":\"EntryPoint\",\"urlTemplate\":\"https:\/\/ydstrong.es\/?s={search_term_string}\"},\"query-input\":\"required name=search_term_string\"}],\"inLanguage\":\"sv-SE\"},{\"@type\":\"Organization\",\"@id\":\"https:\/\/ydstrong.es\/#organization\",\"name\":\"YDSTRONG\",\"url\":\"https:\/\/ydstrong.es\/\",\"logo\":{\"@type\":\"ImageObject\",\"inLanguage\":\"sv-SE\",\"@id\":\"https:\/\/ydstrong.es\/#\/schema\/logo\/image\/\",\"url\":\"http:\/\/ydstrong.es\/wp-content\/uploads\/2023\/06\/YDSTRONG-LOGO_-R_-scaled.jpg\",\"contentUrl\":\"http:\/\/ydstrong.es\/wp-content\/uploads\/2023\/06\/YDSTRONG-LOGO_-R_-scaled.jpg\",\"width\":2560,\"height\":592,\"caption\":\"YDSTRONG\"},\"image\":{\"@id\":\"https:\/\/ydstrong.es\/#\/schema\/logo\/image\/\"}}]}<\/script>\n<!-- \/ Yoast SEO plugin. -->","yoast_head_json":{"title":"Pantalones de tonificaci\u00f3n p\u00e9lvica - Modelo: YD-501M - YDSTRONG","robots":{"index":"index","follow":"follow","max-snippet":"max-snippet:-1","max-image-preview":"max-image-preview:large","max-video-preview":"max-video-preview:-1"},"canonical":"https:\/\/ydstrong.es\/sv\/product\/pantalones-de-tonificacion-pelvica-modelo-yd-501m\/","og_locale":"sv_SE","og_type":"article","og_title":"Pantalones de tonificaci\u00f3n p\u00e9lvica - Modelo: YD-501M - YDSTRONG","og_description":"Este pantal\u00f3n corto de tonificaci\u00f3n p\u00e9lvica se basa en la tecnolog\u00eda de estimulaci\u00f3n el\u00e9ctrica EMS. Las almohadillas de electrodos se ajustan a las nalgas, los muslos, el recto abdominal, etc., utilizando distintas frecuencias para estimular los grandes grupos musculares y, a continuaci\u00f3n, los m\u00fasculos del suelo p\u00e9lvico y los \u00f3rganos reproductores del cuerpo humano. No es necesario rociar agua. Te ayuda a:   P\u00e9rdida de grasa  Moldeo corporal  Construcci\u00f3n muscular  Fisioterapia  Incluye una caja carga.","og_url":"https:\/\/ydstrong.es\/sv\/product\/pantalones-de-tonificacion-pelvica-modelo-yd-501m\/","og_site_name":"YDSTRONG","article_modified_time":"2026-03-25T13:13:34+00:00","og_image":[{"width":956,"height":1600,"url":"https:\/\/ydstrong.es\/wp-content\/uploads\/2023\/06\/Imagen-de-WhatsApp-2023-05-25-a-las-06.56.39.jpg","type":"image\/jpeg"}],"twitter_card":"summary_large_image","twitter_misc":{"Ber\u00e4knad l\u00e4stid":"1 minut"},"schema":{"@context":"https:\/\/schema.org","@graph":[{"@type":"WebPage","@id":"https:\/\/ydstrong.es\/producto\/pantalones-de-tonificacion-pelvica-modelo-yd-501m\/","url":"https:\/\/ydstrong.es\/producto\/pantalones-de-tonificacion-pelvica-modelo-yd-501m\/","name":"Pantalones de tonificaci\u00f3n p\u00e9lvica - Modelo: YD-501M - YDSTRONG","isPartOf":{"@id":"https:\/\/ydstrong.es\/#website"},"primaryImageOfPage":{"@id":"https:\/\/ydstrong.es\/producto\/pantalones-de-tonificacion-pelvica-modelo-yd-501m\/#primaryimage"},"image":{"@id":"https:\/\/ydstrong.es\/producto\/pantalones-de-tonificacion-pelvica-modelo-yd-501m\/#primaryimage"},"thumbnailUrl":"https:\/\/ydstrong.es\/wp-content\/uploads\/2023\/06\/Imagen-de-WhatsApp-2023-05-25-a-las-06.56.39.jpg","datePublished":"2023-09-26T13:52:04+00:00","dateModified":"2026-03-25T13:13:34+00:00","breadcrumb":{"@id":"https:\/\/ydstrong.es\/producto\/pantalones-de-tonificacion-pelvica-modelo-yd-501m\/#breadcrumb"},"inLanguage":"sv-SE","potentialAction":[{"@type":"ReadAction","target":["https:\/\/ydstrong.es\/producto\/pantalones-de-tonificacion-pelvica-modelo-yd-501m\/"]}]},{"@type":"ImageObject","inLanguage":"sv-SE","@id":"https:\/\/ydstrong.es\/producto\/pantalones-de-tonificacion-pelvica-modelo-yd-501m\/#primaryimage","url":"https:\/\/ydstrong.es\/wp-content\/uploads\/2023\/06\/Imagen-de-WhatsApp-2023-05-25-a-las-06.56.39.jpg","contentUrl":"https:\/\/ydstrong.es\/wp-content\/uploads\/2023\/06\/Imagen-de-WhatsApp-2023-05-25-a-las-06.56.39.jpg","width":956,"height":1600},{"@type":"BreadcrumbList","@id":"https:\/\/ydstrong.es\/producto\/pantalones-de-tonificacion-pelvica-modelo-yd-501m\/#breadcrumb","itemListElement":[{"@type":"ListItem","position":1,"name":"Portada","item":"https:\/\/ydstrong.es\/"},{"@type":"ListItem","position":2,"name":"Tienda","item":"https:\/\/ydstrong.es\/tienda\/"},{"@type":"ListItem","position":3,"name":"Pantalones de tonificaci\u00f3n p\u00e9lvica &#8211; Modelo: YD-501M"}]},{"@type":"WebSite","@id":"https:\/\/ydstrong.es\/#website","url":"https:\/\/ydstrong.es\/","name":"YDSTRONG","description":"Traje de Electroestimulaci\u00f3n - Tecnolog\u00eda \u00danica en Espa\u00f1a","publisher":{"@id":"https:\/\/ydstrong.es\/#organization"},"potentialAction":[{"@type":"SearchAction","target":{"@type":"EntryPoint","urlTemplate":"https:\/\/ydstrong.es\/?s={search_term_string}"},"query-input":"required name=search_term_string"}],"inLanguage":"sv-SE"},{"@type":"Organization","@id":"https:\/\/ydstrong.es\/#organization","name":"YDSTRONG","url":"https:\/\/ydstrong.es\/","logo":{"@type":"ImageObject","inLanguage":"sv-SE","@id":"https:\/\/ydstrong.es\/#\/schema\/logo\/image\/","url":"http:\/\/ydstrong.es\/wp-content\/uploads\/2023\/06\/YDSTRONG-LOGO_-R_-scaled.jpg","contentUrl":"http:\/\/ydstrong.es\/wp-content\/uploads\/2023\/06\/YDSTRONG-LOGO_-R_-scaled.jpg","width":2560,"height":592,"caption":"YDSTRONG"},"image":{"@id":"https:\/\/ydstrong.es\/#\/schema\/logo\/image\/"}}]}},"_links":{"self":[{"href":"https:\/\/ydstrong.es\/sv\/wp-json\/wp\/v2\/product\/594","targetHints":{"allow":["GET"]}}],"collection":[{"href":"https:\/\/ydstrong.es\/sv\/wp-json\/wp\/v2\/product"}],"about":[{"href":"https:\/\/ydstrong.es\/sv\/wp-json\/wp\/v2\/types\/product"}],"replies":[{"embeddable":true,"href":"https:\/\/ydstrong.es\/sv\/wp-json\/wp\/v2\/comments?post=594"}],"wp:featuredmedia":[{"embeddable":true,"href":"https:\/\/ydstrong.es\/sv\/wp-json\/wp\/v2\/media\/552"}],"wp:attachment":[{"href":"https:\/\/ydstrong.es\/sv\/wp-json\/wp\/v2\/media?parent=594"}],"wp:term":[{"taxonomy":"product_cat","embeddable":true,"href":"https:\/\/ydstrong.es\/sv\/wp-json\/wp\/v2\/product_cat?post=594"},{"taxonomy":"product_tag","embeddable":true,"href":"https:\/\/ydstrong.es\/sv\/wp-json\/wp\/v2\/product_tag?post=594"}],"curies":[{"name":"wp","href":"https:\/\/api.w.org\/{rel}","templated":true}]}}